{"id":22,"date":"2023-03-15T19:28:39","date_gmt":"2023-03-15T19:28:39","guid":{"rendered":"http:\/\/f0c8f46c-1c15-4944-81c0-d9e8196933a3.eu02.conves.io\/?page_id=22"},"modified":"2023-03-16T18:44:44","modified_gmt":"2023-03-16T18:44:44","slug":"about","status":"publish","type":"page","link":"https:\/\/dreamland-project.eu\/tr\/about\/","title":{"rendered":"Hakk\u0131nda"},"content":{"rendered":"<div data-elementor-type=\"wp-page\" data-elementor-id=\"22\" class=\"elementor elementor-22\">\n\t\t\t\t\t\t<section class=\"elementor-section elementor-top-section elementor-element elementor-element-2ab7e23 elementor-section-stretched elementor-section-boxed elementor-section-height-default elementor-section-height-default\" data-id=\"2ab7e23\" data-element_type=\"section\" data-e-type=\"section\" data-settings=\"{&quot;stretch_section&quot;:&quot;section-stretched&quot;}\">\n\t\t\t\t\t\t<div class=\"elementor-container elementor-column-gap-default\">\n\t\t\t\t\t<div class=\"elementor-column elementor-col-100 elementor-top-column elementor-element elementor-element-08c0572\" data-id=\"08c0572\" data-element_type=\"column\" data-e-type=\"column\">\n\t\t\t<div class=\"elementor-widget-wrap elementor-element-populated\">\n\t\t\t\t\t\t<div class=\"elementor-element elementor-element-9fe4211 elementor-widget elementor-widget-image\" data-id=\"9fe4211\" data-element_type=\"widget\" data-e-type=\"widget\" data-widget_type=\"image.default\">\n\t\t\t\t<div class=\"elementor-widget-container\">\n\t\t\t\t\t\t\t\t\t\t\t\t\t\t\t<img fetchpriority=\"high\" decoding=\"async\" width=\"1080\" height=\"399\" src=\"https:\/\/dreamland-project.eu\/wp-content\/uploads\/2023\/03\/5-1-e1678907815372.png\" class=\"attachment-full size-full wp-image-17\" alt=\"\" srcset=\"https:\/\/dreamland-project.eu\/wp-content\/uploads\/2023\/03\/5-1-e1678907815372.png 1080w, https:\/\/dreamland-project.eu\/wp-content\/uploads\/2023\/03\/5-1-e1678907815372-300x111.png 300w, https:\/\/dreamland-project.eu\/wp-content\/uploads\/2023\/03\/5-1-e1678907815372-1024x378.png 1024w, https:\/\/dreamland-project.eu\/wp-content\/uploads\/2023\/03\/5-1-e1678907815372-768x284.png 768w\" sizes=\"(max-width: 1080px) 100vw, 1080px\" \/>\t\t\t\t\t\t\t\t\t\t\t\t\t\t\t<\/div>\n\t\t\t\t<\/div>\n\t\t\t\t\t<\/div>\n\t\t<\/div>\n\t\t\t\t\t<\/div>\n\t\t<\/section>\n\t\t\t\t<section class=\"elementor-section elementor-top-section elementor-element elementor-element-aa55771 elementor-section-stretched elementor-section-boxed elementor-section-height-default elementor-section-height-default\" data-id=\"aa55771\" data-element_type=\"section\" data-e-type=\"section\" data-settings=\"{&quot;stretch_section&quot;:&quot;section-stretched&quot;}\">\n\t\t\t\t\t\t<div class=\"elementor-container elementor-column-gap-default\">\n\t\t\t\t\t<div class=\"elementor-column elementor-col-50 elementor-top-column elementor-element elementor-element-d9f051d\" data-id=\"d9f051d\" data-element_type=\"column\" data-e-type=\"column\">\n\t\t\t<div class=\"elementor-widget-wrap elementor-element-populated\">\n\t\t\t\t\t\t<div class=\"elementor-element elementor-element-57a8a1a elementor-widget elementor-widget-image\" data-id=\"57a8a1a\" data-element_type=\"widget\" data-e-type=\"widget\" data-widget_type=\"image.default\">\n\t\t\t\t<div class=\"elementor-widget-container\">\n\t\t\t\t\t\t\t\t\t\t\t\t\t\t\t<img decoding=\"async\" width=\"1024\" height=\"1024\" src=\"https:\/\/dreamland-project.eu\/wp-content\/uploads\/2023\/03\/3-1024x1024.png\" class=\"attachment-large size-large wp-image-13\" alt=\"\" srcset=\"https:\/\/dreamland-project.eu\/wp-content\/uploads\/2023\/03\/3-1024x1024.png 1024w, https:\/\/dreamland-project.eu\/wp-content\/uploads\/2023\/03\/3-300x300.png 300w, https:\/\/dreamland-project.eu\/wp-content\/uploads\/2023\/03\/3-150x150.png 150w, https:\/\/dreamland-project.eu\/wp-content\/uploads\/2023\/03\/3-768x768.png 768w, https:\/\/dreamland-project.eu\/wp-content\/uploads\/2023\/03\/3.png 1080w\" sizes=\"(max-width: 1024px) 100vw, 1024px\" \/>\t\t\t\t\t\t\t\t\t\t\t\t\t\t\t<\/div>\n\t\t\t\t<\/div>\n\t\t\t\t\t<\/div>\n\t\t<\/div>\n\t\t\t\t<div class=\"elementor-column elementor-col-50 elementor-top-column elementor-element elementor-element-821689a\" data-id=\"821689a\" data-element_type=\"column\" data-e-type=\"column\">\n\t\t\t<div class=\"elementor-widget-wrap elementor-element-populated\">\n\t\t\t\t\t\t<div class=\"elementor-element elementor-element-3399027 elementor-widget elementor-widget-text-editor\" data-id=\"3399027\" data-element_type=\"widget\" data-e-type=\"widget\" data-widget_type=\"text-editor.default\">\n\t\t\t\t<div class=\"elementor-widget-container\">\n\t\t\t\t\t\t\t\t\t<p class=\"MsoNormal\" style=\"text-align: justify; text-justify: inter-ideograph;\"><span lang=\"EN-GB\" style=\"font-size: 10.0pt; font-family: 'Arial',sans-serif; mso-ansi-language: EN-GB;\">D.R.E.A.M.LAND projesi gen\u00e7lere \u00e7\u00f6z\u00fcmleri bulmalar\u0131nda yard\u0131mc\u0131 olmay\u0131 ama\u00e7lamaktad\u0131r. Asl\u0131nda, D.R.E.A.M.LAND yerel, ulusal ve Avrupa \u00f6l\u00e7eklerinde sivil toplumda ve siyasi ya\u015famda aktif olarak kat\u0131lmaya istekli gen\u00e7leri hedefleyen bir EYT projesidir. Konsorsiyum taraf\u0131ndan yap\u0131lan ihtiya\u00e7 analizinin sonu\u00e7lar\u0131na g\u00f6re, Avrupa'n\u0131n '\u0131 yerel, ulusal ve Avrupa kararlar\u0131n\u0131 anlayamamaktad\u0131r. Bu y\u00fczden daha bilin\u00e7li ve aktif gen\u00e7lere ihtiya\u00e7 duymaktad\u0131r. D.R.E.A.M.LAND aktif vatanda\u015fl\u0131k, siyasi okuryazarl\u0131k ve demokratik kat\u0131l\u0131m konusundaki fark\u0131ndal\u0131\u011f\u0131 art\u0131rarak bu y\u00fczdeyi de\u011fi\u015ftirebilir. Ayr\u0131ca, gen\u00e7lerin siyasi ya\u015famda ve sivil toplumda kat\u0131l\u0131m\u0131, 2050 Karbon N\u00f6tr Avrupa hedefine ula\u015fmak i\u00e7in hayati \u00f6neme sahiptir.<\/span><\/p>\t\t\t\t\t\t\t\t<\/div>\n\t\t\t\t<\/div>\n\t\t\t\t\t<\/div>\n\t\t<\/div>\n\t\t\t\t\t<\/div>\n\t\t<\/section>\n\t\t\t\t<section class=\"elementor-section elementor-top-section elementor-element elementor-element-32af246 elementor-section-stretched elementor-section-boxed elementor-section-height-default elementor-section-height-default\" data-id=\"32af246\" data-element_type=\"section\" data-e-type=\"section\" data-settings=\"{&quot;stretch_section&quot;:&quot;section-stretched&quot;}\">\n\t\t\t\t\t\t<div class=\"elementor-container elementor-column-gap-default\">\n\t\t\t\t\t<div class=\"elementor-column elementor-col-50 elementor-top-column elementor-element elementor-element-53ebd8e\" data-id=\"53ebd8e\" data-element_type=\"column\" data-e-type=\"column\">\n\t\t\t<div class=\"elementor-widget-wrap elementor-element-populated\">\n\t\t\t\t\t\t<div class=\"elementor-element elementor-element-5c5a341 elementor-widget elementor-widget-image\" data-id=\"5c5a341\" data-element_type=\"widget\" data-e-type=\"widget\" data-widget_type=\"image.default\">\n\t\t\t\t<div class=\"elementor-widget-container\">\n\t\t\t\t\t\t\t\t\t\t\t\t\t\t\t<img decoding=\"async\" width=\"1024\" height=\"1024\" src=\"https:\/\/dreamland-project.eu\/wp-content\/uploads\/2023\/03\/3-1024x1024.png\" class=\"attachment-large size-large wp-image-13\" alt=\"\" srcset=\"https:\/\/dreamland-project.eu\/wp-content\/uploads\/2023\/03\/3-1024x1024.png 1024w, https:\/\/dreamland-project.eu\/wp-content\/uploads\/2023\/03\/3-300x300.png 300w, https:\/\/dreamland-project.eu\/wp-content\/uploads\/2023\/03\/3-150x150.png 150w, https:\/\/dreamland-project.eu\/wp-content\/uploads\/2023\/03\/3-768x768.png 768w, https:\/\/dreamland-project.eu\/wp-content\/uploads\/2023\/03\/3.png 1080w\" sizes=\"(max-width: 1024px) 100vw, 1024px\" \/>\t\t\t\t\t\t\t\t\t\t\t\t\t\t\t<\/div>\n\t\t\t\t<\/div>\n\t\t\t\t\t<\/div>\n\t\t<\/div>\n\t\t\t\t<div class=\"elementor-column elementor-col-50 elementor-top-column elementor-element elementor-element-da1d1f0\" data-id=\"da1d1f0\" data-element_type=\"column\" data-e-type=\"column\">\n\t\t\t<div class=\"elementor-widget-wrap elementor-element-populated\">\n\t\t\t\t\t\t<div class=\"elementor-element elementor-element-bad38a7 elementor-widget elementor-widget-text-editor\" data-id=\"bad38a7\" data-element_type=\"widget\" data-e-type=\"widget\" data-widget_type=\"text-editor.default\">\n\t\t\t\t<div class=\"elementor-widget-container\">\n\t\t\t\t\t\t\t\t\t<p>D.R.E.A.M.LAND projesi, Avrupal\u0131 gen\u00e7lere kendi geleceklerini tasarlamalar\u0131na yard\u0131mc\u0131 olacak tart\u0131\u015fmalar i\u00e7in f\u0131rsatlar sunar. Siyasi ya\u015famda ve sivil toplumda kat\u0131l\u0131mlar\u0131, 2050 Karbon N\u00f6tr Avrupa hedefine ula\u015fmak i\u00e7in hayati \u00f6neme sahiptir. Bu hedefin s\u00fcrd\u00fcr\u00fclebilirli\u011fi, gen\u00e7lerin siyasi okuryazarl\u0131k, karar alma s\u00fcre\u00e7leri ve karar alma mekanizmalar\u0131na ula\u015fma konular\u0131nda fark\u0131ndal\u0131\u011f\u0131n\u0131 art\u0131rarak sa\u011flanabilir. Gen\u00e7ler aras\u0131nda dayan\u0131\u015fma ve kapsay\u0131c\u0131l\u0131k, gen\u00e7lik hareketlili\u011fi, \u00e7evrimi\u00e7i e\u011fitim ve di\u011fer stratejik ileti\u015fim ara\u00e7lar\u0131 ile sa\u011flanacakt\u0131r.<\/p>\t\t\t\t\t\t\t\t<\/div>\n\t\t\t\t<\/div>\n\t\t\t\t\t<\/div>\n\t\t<\/div>\n\t\t\t\t\t<\/div>\n\t\t<\/section>\n\t\t\t\t<section class=\"elementor-section elementor-top-section elementor-element elementor-element-55640be elementor-section-stretched elementor-section-boxed elementor-section-height-default elementor-section-height-default\" data-id=\"55640be\" data-element_type=\"section\" data-e-type=\"section\" data-settings=\"{&quot;stretch_section&quot;:&quot;section-stretched&quot;}\">\n\t\t\t\t\t\t<div class=\"elementor-container elementor-column-gap-default\">\n\t\t\t\t\t<div class=\"elementor-column elementor-col-50 elementor-top-column elementor-element elementor-element-185aeaa\" data-id=\"185aeaa\" data-element_type=\"column\" data-e-type=\"column\">\n\t\t\t<div class=\"elementor-widget-wrap elementor-element-populated\">\n\t\t\t\t\t\t<div class=\"elementor-element elementor-element-6600fce elementor-widget elementor-widget-image\" data-id=\"6600fce\" data-element_type=\"widget\" data-e-type=\"widget\" data-widget_type=\"image.default\">\n\t\t\t\t<div class=\"elementor-widget-container\">\n\t\t\t\t\t\t\t\t\t\t\t\t\t\t\t<img decoding=\"async\" width=\"1024\" height=\"1024\" src=\"https:\/\/dreamland-project.eu\/wp-content\/uploads\/2023\/03\/3-1024x1024.png\" class=\"attachment-large size-large wp-image-13\" alt=\"\" srcset=\"https:\/\/dreamland-project.eu\/wp-content\/uploads\/2023\/03\/3-1024x1024.png 1024w, https:\/\/dreamland-project.eu\/wp-content\/uploads\/2023\/03\/3-300x300.png 300w, https:\/\/dreamland-project.eu\/wp-content\/uploads\/2023\/03\/3-150x150.png 150w, https:\/\/dreamland-project.eu\/wp-content\/uploads\/2023\/03\/3-768x768.png 768w, https:\/\/dreamland-project.eu\/wp-content\/uploads\/2023\/03\/3.png 1080w\" sizes=\"(max-width: 1024px) 100vw, 1024px\" \/>\t\t\t\t\t\t\t\t\t\t\t\t\t\t\t<\/div>\n\t\t\t\t<\/div>\n\t\t\t\t\t<\/div>\n\t\t<\/div>\n\t\t\t\t<div class=\"elementor-column elementor-col-50 elementor-top-column elementor-element elementor-element-28879e8\" data-id=\"28879e8\" data-element_type=\"column\" data-e-type=\"column\">\n\t\t\t<div class=\"elementor-widget-wrap elementor-element-populated\">\n\t\t\t\t\t\t<div class=\"elementor-element elementor-element-bd3af7e elementor-widget elementor-widget-text-editor\" data-id=\"bd3af7e\" data-element_type=\"widget\" data-e-type=\"widget\" data-widget_type=\"text-editor.default\">\n\t\t\t\t<div class=\"elementor-widget-container\">\n\t\t\t\t\t\t\t\t\t<p>Proje, gen\u00e7lik hareketlili\u011fi, aktif gen\u00e7lik tan\u0131t\u0131m\u0131, vatanda\u015fl\u0131k e\u011fitimi, \u00f6\u011frenme stratejileri, ulusal, b\u00f6lgesel ve yerel d\u00fczeyde Avrupa uyumu, siyasi okuryazarl\u0131k, karar alma mekanizmalar\u0131, Avrupa kimli\u011fi gibi ana konularda seslerini duyabilecekleri bir alan sunacak.<\/p>\t\t\t\t\t\t\t\t<\/div>\n\t\t\t\t<\/div>\n\t\t\t\t\t<\/div>\n\t\t<\/div>\n\t\t\t\t\t<\/div>\n\t\t<\/section>\n\t\t\t\t<section class=\"elementor-section elementor-top-section elementor-element elementor-element-022f742 elementor-section-stretched elementor-section-boxed elementor-section-height-default elementor-section-height-default\" data-id=\"022f742\" data-element_type=\"section\" data-e-type=\"section\" data-settings=\"{&quot;stretch_section&quot;:&quot;section-stretched&quot;}\">\n\t\t\t\t\t\t<div class=\"elementor-container elementor-column-gap-default\">\n\t\t\t\t\t<div class=\"elementor-column elementor-col-100 elementor-top-column elementor-element elementor-element-2714724\" data-id=\"2714724\" data-element_type=\"column\" data-e-type=\"column\">\n\t\t\t<div class=\"elementor-widget-wrap elementor-element-populated\">\n\t\t\t\t\t\t<div class=\"elementor-element elementor-element-cf4795d elementor-widget elementor-widget-image\" data-id=\"cf4795d\" data-element_type=\"widget\" data-e-type=\"widget\" data-widget_type=\"image.default\">\n\t\t\t\t<div class=\"elementor-widget-container\">\n\t\t\t\t\t\t\t\t\t\t\t\t\t\t\t<img decoding=\"async\" width=\"1080\" height=\"402\" src=\"https:\/\/dreamland-project.eu\/wp-content\/uploads\/2023\/03\/5-2-e1678908932394.png\" class=\"attachment-full size-full wp-image-27\" alt=\"\" srcset=\"https:\/\/dreamland-project.eu\/wp-content\/uploads\/2023\/03\/5-2-e1678908932394.png 1080w, https:\/\/dreamland-project.eu\/wp-content\/uploads\/2023\/03\/5-2-e1678908932394-300x112.png 300w, https:\/\/dreamland-project.eu\/wp-content\/uploads\/2023\/03\/5-2-e1678908932394-1024x381.png 1024w, https:\/\/dreamland-project.eu\/wp-content\/uploads\/2023\/03\/5-2-e1678908932394-768x286.png 768w\" sizes=\"(max-width: 1080px) 100vw, 1080px\" \/>\t\t\t\t\t\t\t\t\t\t\t\t\t\t\t<\/div>\n\t\t\t\t<\/div>\n\t\t\t\t\t<\/div>\n\t\t<\/div>\n\t\t\t\t\t<\/div>\n\t\t<\/section>\n\t\t\t\t<\/div>","protected":false},"excerpt":{"rendered":"<p>The D.R.E.A.M.LAND project aims for helping youth to find these solutions. In fact, D.R.E.A.M.LAND is an EYT project aimed at making young people willing to participate actively in civil society and political life at local, national, and European scales. As resulting from the needs analysis conducted by the Consortium, Europe needs more conscious and active&hellip;&nbsp;<a href=\"https:\/\/dreamland-project.eu\/tr\/about\/\" rel=\"bookmark\">Daha fazlas\u0131n\u0131 oku &raquo;<span class=\"screen-reader-text\">Hakk\u0131nda<\/span><\/a><\/p>","protected":false},"author":1,"featured_media":0,"parent":0,"menu_order":0,"comment_status":"closed","ping_status":"closed","template":"elementor_header_footer","meta":{"_bbp_topic_count":0,"_bbp_reply_count":0,"_bbp_total_topic_count":0,"_bbp_total_reply_count":0,"_bbp_voice_count":0,"_bbp_anonymous_reply_count":0,"_bbp_topic_count_hidden":0,"_bbp_reply_count_hidden":0,"_bbp_forum_subforum_count":0,"neve_meta_sidebar":"","neve_meta_container":"","neve_meta_enable_content_width":"","neve_meta_content_width":0,"neve_meta_title_alignment":"","neve_meta_author_avatar":"","neve_post_elements_order":"","neve_meta_disable_header":"","neve_meta_disable_footer":"","neve_meta_disable_title":"","footnotes":""},"class_list":["post-22","page","type-page","status-publish","hentry"],"_links":{"self":[{"href":"https:\/\/dreamland-project.eu\/tr\/wp-json\/wp\/v2\/pages\/22","targetHints":{"allow":["GET"]}}],"collection":[{"href":"https:\/\/dreamland-project.eu\/tr\/wp-json\/wp\/v2\/pages"}],"about":[{"href":"https:\/\/dreamland-project.eu\/tr\/wp-json\/wp\/v2\/types\/page"}],"author":[{"embeddable":true,"href":"https:\/\/dreamland-project.eu\/tr\/wp-json\/wp\/v2\/users\/1"}],"replies":[{"embeddable":true,"href":"https:\/\/dreamland-project.eu\/tr\/wp-json\/wp\/v2\/comments?post=22"}],"version-history":[{"count":10,"href":"https:\/\/dreamland-project.eu\/tr\/wp-json\/wp\/v2\/pages\/22\/revisions"}],"predecessor-version":[{"id":157,"href":"https:\/\/dreamland-project.eu\/tr\/wp-json\/wp\/v2\/pages\/22\/revisions\/157"}],"wp:attachment":[{"href":"https:\/\/dreamland-project.eu\/tr\/wp-json\/wp\/v2\/media?parent=22"}],"curies":[{"name":"wp","href":"https:\/\/api.w.org\/{rel}","templated":true}]}}