{"id":8,"date":"2023-03-15T19:19:48","date_gmt":"2023-03-15T19:19:48","guid":{"rendered":"http:\/\/f0c8f46c-1c15-4944-81c0-d9e8196933a3.eu02.conves.io\/?page_id=8"},"modified":"2023-03-16T18:21:56","modified_gmt":"2023-03-16T18:21:56","slug":"home","status":"publish","type":"page","link":"https:\/\/dreamland-project.eu\/sv\/","title":{"rendered":"Hem"},"content":{"rendered":"<div data-elementor-type=\"wp-page\" data-elementor-id=\"8\" class=\"elementor elementor-8\">\n\t\t\t\t\t\t<section class=\"elementor-section elementor-top-section elementor-element elementor-element-873b0de elementor-section-full_width elementor-section-stretched elementor-section-height-default elementor-section-height-default\" data-id=\"873b0de\" data-element_type=\"section\" data-e-type=\"section\" data-settings=\"{&quot;stretch_section&quot;:&quot;section-stretched&quot;,&quot;background_background&quot;:&quot;classic&quot;}\">\n\t\t\t\t\t\t<div class=\"elementor-container elementor-column-gap-default\">\n\t\t\t\t\t<div class=\"elementor-column elementor-col-100 elementor-top-column elementor-element elementor-element-2b379d3\" data-id=\"2b379d3\" data-element_type=\"column\" data-e-type=\"column\">\n\t\t\t<div class=\"elementor-widget-wrap elementor-element-populated\">\n\t\t\t\t\t\t<div class=\"elementor-element elementor-element-ac6bf2e elementor-widget elementor-widget-image\" data-id=\"ac6bf2e\" data-element_type=\"widget\" data-e-type=\"widget\" data-widget_type=\"image.default\">\n\t\t\t\t<div class=\"elementor-widget-container\">\n\t\t\t\t\t\t\t\t\t\t\t\t\t\t\t<img fetchpriority=\"high\" decoding=\"async\" width=\"1080\" height=\"399\" src=\"https:\/\/dreamland-project.eu\/wp-content\/uploads\/2023\/03\/5-1-e1678907815372.png\" class=\"attachment-full size-full wp-image-17\" alt=\"\" srcset=\"https:\/\/dreamland-project.eu\/wp-content\/uploads\/2023\/03\/5-1-e1678907815372.png 1080w, https:\/\/dreamland-project.eu\/wp-content\/uploads\/2023\/03\/5-1-e1678907815372-300x111.png 300w, https:\/\/dreamland-project.eu\/wp-content\/uploads\/2023\/03\/5-1-e1678907815372-1024x378.png 1024w, https:\/\/dreamland-project.eu\/wp-content\/uploads\/2023\/03\/5-1-e1678907815372-768x284.png 768w\" sizes=\"(max-width: 1080px) 100vw, 1080px\" \/>\t\t\t\t\t\t\t\t\t\t\t\t\t\t\t<\/div>\n\t\t\t\t<\/div>\n\t\t\t\t\t<\/div>\n\t\t<\/div>\n\t\t\t\t\t<\/div>\n\t\t<\/section>\n\t\t\t\t<section class=\"elementor-section elementor-top-section elementor-element elementor-element-b50a77f elementor-section-stretched elementor-section-boxed elementor-section-height-default elementor-section-height-default\" data-id=\"b50a77f\" data-element_type=\"section\" data-e-type=\"section\" data-settings=\"{&quot;stretch_section&quot;:&quot;section-stretched&quot;}\">\n\t\t\t\t\t\t<div class=\"elementor-container elementor-column-gap-default\">\n\t\t\t\t\t<div class=\"elementor-column elementor-col-100 elementor-top-column elementor-element elementor-element-772291b\" data-id=\"772291b\" data-element_type=\"column\" data-e-type=\"column\">\n\t\t\t<div class=\"elementor-widget-wrap elementor-element-populated\">\n\t\t\t\t\t\t<div class=\"elementor-element elementor-element-49ec925 elementor-widget elementor-widget-heading\" data-id=\"49ec925\" data-element_type=\"widget\" data-e-type=\"widget\" data-widget_type=\"heading.default\">\n\t\t\t\t<div class=\"elementor-widget-container\">\n\t\t\t\t\t<h2 class=\"elementor-heading-title elementor-size-default\">Utveckla v\u00e4gar f\u00f6r Europas framtid genom icke-formellt l\u00e4rande med aktiva ungdomsmedlemmar EYT DREAMLAND\n<\/h2>\t\t\t\t<\/div>\n\t\t\t\t<\/div>\n\t\t\t\t<div class=\"elementor-element elementor-element-99a475d elementor-widget elementor-widget-text-editor\" data-id=\"99a475d\" data-element_type=\"widget\" data-e-type=\"widget\" data-widget_type=\"text-editor.default\">\n\t\t\t\t<div class=\"elementor-widget-container\">\n\t\t\t\t\t\t\t\t\t<p>Projektet D.R.E.A.M.LAND ger europeiska ungdomar m\u00f6jlighet att diskutera och hj\u00e4lpa dem att utforma sin framtid. Deras deltagande i det politiska livet och det civila samh\u00e4llet \u00e4r avg\u00f6rande f\u00f6r att uppn\u00e5 m\u00e5let om ett koldioxidneutralt Europa 2050. H\u00e5llbarheten f\u00f6r detta m\u00e5l kan s\u00e4kerst\u00e4llas genom att \u00f6ka medvetenheten hos unga m\u00e4nniskor om politiska kunskaper, beslutsprocesser och mekanismer f\u00f6r att n\u00e5 beslutsfattande. Solidaritet och delaktighet bland unga kommer att s\u00e4kerst\u00e4llas genom ungdomsr\u00f6rlighet, onlineutbildning och andra strategiska kommunikationsverktyg. En b\u00e4ttre f\u00f6rst\u00e5else f\u00f6r politisk l\u00e4skunnighet hos unga m\u00e4nniskor kommer ocks\u00e5 att bidra till att uppn\u00e5 \"Connecting EU with Youth\", det f\u00f6rsta av Europeiska unionens europeiska ungdomsm\u00e5l.<\/p>\t\t\t\t\t\t\t\t<\/div>\n\t\t\t\t<\/div>\n\t\t\t\t<div class=\"elementor-element elementor-element-305716c elementor-align-center elementor-widget elementor-widget-button\" data-id=\"305716c\" data-element_type=\"widget\" data-e-type=\"widget\" data-widget_type=\"button.default\">\n\t\t\t\t<div class=\"elementor-widget-container\">\n\t\t\t\t\t\t\t\t\t<div class=\"elementor-button-wrapper\">\n\t\t\t\t\t<a class=\"elementor-button elementor-button-link elementor-size-md\" href=\"https:\/\/f0c8f46c-1c15-4944-81c0-d9e8196933a3.eu02.conves.io\/about\/\">\n\t\t\t\t\t\t<span class=\"elementor-button-content-wrapper\">\n\t\t\t\t\t\t\t\t\t<span class=\"elementor-button-text\">Ta reda p\u00e5 mer<\/span>\n\t\t\t\t\t<\/span>\n\t\t\t\t\t<\/a>\n\t\t\t\t<\/div>\n\t\t\t\t\t\t\t\t<\/div>\n\t\t\t\t<\/div>\n\t\t\t\t\t<\/div>\n\t\t<\/div>\n\t\t\t\t\t<\/div>\n\t\t<\/section>\n\t\t\t\t<section class=\"elementor-section elementor-top-section elementor-element elementor-element-cf6d5f7 elementor-section-stretched elementor-section-boxed elementor-section-height-default elementor-section-height-default\" data-id=\"cf6d5f7\" data-element_type=\"section\" data-e-type=\"section\" data-settings=\"{&quot;stretch_section&quot;:&quot;section-stretched&quot;}\">\n\t\t\t\t\t\t<div class=\"elementor-container elementor-column-gap-default\">\n\t\t\t\t\t<div class=\"elementor-column elementor-col-100 elementor-top-column elementor-element elementor-element-3798771\" data-id=\"3798771\" data-element_type=\"column\" data-e-type=\"column\">\n\t\t\t<div class=\"elementor-widget-wrap elementor-element-populated\">\n\t\t\t\t\t\t<div class=\"elementor-element elementor-element-ea6bd54 elementor-widget elementor-widget-image\" data-id=\"ea6bd54\" data-element_type=\"widget\" data-e-type=\"widget\" data-widget_type=\"image.default\">\n\t\t\t\t<div class=\"elementor-widget-container\">\n\t\t\t\t\t\t\t\t\t\t\t\t\t\t\t<img decoding=\"async\" width=\"1080\" height=\"402\" src=\"https:\/\/dreamland-project.eu\/wp-content\/uploads\/2023\/03\/5-2-e1678908932394.png\" class=\"attachment-full size-full wp-image-27\" alt=\"\" srcset=\"https:\/\/dreamland-project.eu\/wp-content\/uploads\/2023\/03\/5-2-e1678908932394.png 1080w, https:\/\/dreamland-project.eu\/wp-content\/uploads\/2023\/03\/5-2-e1678908932394-300x112.png 300w, https:\/\/dreamland-project.eu\/wp-content\/uploads\/2023\/03\/5-2-e1678908932394-1024x381.png 1024w, https:\/\/dreamland-project.eu\/wp-content\/uploads\/2023\/03\/5-2-e1678908932394-768x286.png 768w\" sizes=\"(max-width: 1080px) 100vw, 1080px\" \/>\t\t\t\t\t\t\t\t\t\t\t\t\t\t\t<\/div>\n\t\t\t\t<\/div>\n\t\t\t\t\t<\/div>\n\t\t<\/div>\n\t\t\t\t\t<\/div>\n\t\t<\/section>\n\t\t\t\t<\/div>","protected":false},"excerpt":{"rendered":"<p>Developing Routes of Europe\u2019s future through non-formal learning with Active youth Members EYT DREAMLAND The D.R.E.A.M.LAND project provides opportunities for European youth to discuss, helping them to design their future. Their participation in political life and civil society is vital to achieve the 2050 Carbon Neutral Europe target. The sustainability of this target can be&hellip;&nbsp;<a href=\"https:\/\/dreamland-project.eu\/sv\/\" rel=\"bookmark\">L\u00e4s mer &raquo;<span class=\"screen-reader-text\">Hem<\/span><\/a><\/p>","protected":false},"author":1,"featured_media":0,"parent":0,"menu_order":0,"comment_status":"closed","ping_status":"closed","template":"elementor_header_footer","meta":{"_bbp_topic_count":0,"_bbp_reply_count":0,"_bbp_total_topic_count":0,"_bbp_total_reply_count":0,"_bbp_voice_count":0,"_bbp_anonymous_reply_count":0,"_bbp_topic_count_hidden":0,"_bbp_reply_count_hidden":0,"_bbp_forum_subforum_count":0,"neve_meta_sidebar":"","neve_meta_container":"","neve_meta_enable_content_width":"","neve_meta_content_width":0,"neve_meta_title_alignment":"","neve_meta_author_avatar":"","neve_post_elements_order":"","neve_meta_disable_header":"","neve_meta_disable_footer":"","neve_meta_disable_title":"","footnotes":""},"class_list":["post-8","page","type-page","status-publish","hentry"],"_links":{"self":[{"href":"https:\/\/dreamland-project.eu\/sv\/wp-json\/wp\/v2\/pages\/8","targetHints":{"allow":["GET"]}}],"collection":[{"href":"https:\/\/dreamland-project.eu\/sv\/wp-json\/wp\/v2\/pages"}],"about":[{"href":"https:\/\/dreamland-project.eu\/sv\/wp-json\/wp\/v2\/types\/page"}],"author":[{"embeddable":true,"href":"https:\/\/dreamland-project.eu\/sv\/wp-json\/wp\/v2\/users\/1"}],"replies":[{"embeddable":true,"href":"https:\/\/dreamland-project.eu\/sv\/wp-json\/wp\/v2\/comments?post=8"}],"version-history":[{"count":40,"href":"https:\/\/dreamland-project.eu\/sv\/wp-json\/wp\/v2\/pages\/8\/revisions"}],"predecessor-version":[{"id":154,"href":"https:\/\/dreamland-project.eu\/sv\/wp-json\/wp\/v2\/pages\/8\/revisions\/154"}],"wp:attachment":[{"href":"https:\/\/dreamland-project.eu\/sv\/wp-json\/wp\/v2\/media?parent=8"}],"curies":[{"name":"wp","href":"https:\/\/api.w.org\/{rel}","templated":true}]}}