{"id":42,"date":"2023-03-15T20:00:50","date_gmt":"2023-03-15T20:00:50","guid":{"rendered":"http:\/\/f0c8f46c-1c15-4944-81c0-d9e8196933a3.eu02.conves.io\/?page_id=42"},"modified":"2024-07-30T10:21:10","modified_gmt":"2024-07-30T10:21:10","slug":"events-news","status":"publish","type":"page","link":"https:\/\/dreamland-project.eu\/sl\/events-news\/","title":{"rendered":"Dogodki in novice"},"content":{"rendered":"<div data-elementor-type=\"wp-page\" data-elementor-id=\"42\" class=\"elementor elementor-42\">\n\t\t\t\t\t\t<section class=\"elementor-section elementor-top-section elementor-element elementor-element-650e989 elementor-section-boxed elementor-section-height-default elementor-section-height-default\" data-id=\"650e989\" data-element_type=\"section\" data-e-type=\"section\" data-settings=\"{&quot;background_background&quot;:&quot;classic&quot;}\">\n\t\t\t\t\t\t<div class=\"elementor-container elementor-column-gap-default\">\n\t\t\t\t\t<div class=\"elementor-column elementor-col-50 elementor-top-column elementor-element elementor-element-7bb3f48\" data-id=\"7bb3f48\" data-element_type=\"column\" data-e-type=\"column\">\n\t\t\t<div class=\"elementor-widget-wrap elementor-element-populated\">\n\t\t\t\t\t\t<div class=\"elementor-element elementor-element-0e91d01 elementor-widget elementor-widget-image\" data-id=\"0e91d01\" data-element_type=\"widget\" data-e-type=\"widget\" data-widget_type=\"image.default\">\n\t\t\t\t<div class=\"elementor-widget-container\">\n\t\t\t\t\t\t\t\t\t\t\t\t\t\t\t<img fetchpriority=\"high\" decoding=\"async\" width=\"300\" height=\"242\" src=\"https:\/\/dreamland-project.eu\/wp-content\/uploads\/2023\/03\/4-e1678994680227-300x242.png\" class=\"attachment-medium size-medium wp-image-14\" alt=\"\" srcset=\"https:\/\/dreamland-project.eu\/wp-content\/uploads\/2023\/03\/4-e1678994680227-300x242.png 300w, https:\/\/dreamland-project.eu\/wp-content\/uploads\/2023\/03\/4-e1678994680227-1024x827.png 1024w, https:\/\/dreamland-project.eu\/wp-content\/uploads\/2023\/03\/4-e1678994680227-768x620.png 768w, https:\/\/dreamland-project.eu\/wp-content\/uploads\/2023\/03\/4-e1678994680227.png 1080w\" sizes=\"(max-width: 300px) 100vw, 300px\" \/>\t\t\t\t\t\t\t\t\t\t\t\t\t\t\t<\/div>\n\t\t\t\t<\/div>\n\t\t\t\t\t<\/div>\n\t\t<\/div>\n\t\t\t\t<div class=\"elementor-column elementor-col-50 elementor-top-column elementor-element elementor-element-4d11745\" data-id=\"4d11745\" data-element_type=\"column\" data-e-type=\"column\" data-settings=\"{&quot;background_background&quot;:&quot;classic&quot;}\">\n\t\t\t<div class=\"elementor-widget-wrap elementor-element-populated\">\n\t\t\t\t\t\t<div class=\"elementor-element elementor-element-c549063 elementor-widget elementor-widget-heading\" data-id=\"c549063\" data-element_type=\"widget\" data-e-type=\"widget\" data-widget_type=\"heading.default\">\n\t\t\t\t<div class=\"elementor-widget-container\">\n\t\t\t\t\t<h4 class=\"elementor-heading-title elementor-size-default\">Ciljne skupine projekta so:<\/h4>\t\t\t\t<\/div>\n\t\t\t\t<\/div>\n\t\t\t\t<div class=\"elementor-element elementor-element-f0ad93b elementor-widget elementor-widget-text-editor\" data-id=\"f0ad93b\" data-element_type=\"widget\" data-e-type=\"widget\" data-widget_type=\"text-editor.default\">\n\t\t\t\t<div class=\"elementor-widget-container\">\n\t\t\t\t\t\t\t\t\t<ul><li>Mladi med 18. in 30. letom starosti, ki se po\u010dutijo nezastopane, imajo te\u017eave s politi\u010dno pismenostjo in so oddaljeni od odlo\u010devalnih mehanizmov.<\/li><li>Vodje mladih, univerze, lokalne institucije, kulturna in prostovoljna zdru\u017eenja, predstavniki tretjega sektorja, gibanja in mladi na splo\u0161no.<\/li><\/ul>\t\t\t\t\t\t\t\t<\/div>\n\t\t\t\t<\/div>\n\t\t\t\t\t<\/div>\n\t\t<\/div>\n\t\t\t\t\t<\/div>\n\t\t<\/section>\n\t\t\t\t<section class=\"elementor-section elementor-top-section elementor-element elementor-element-4dfcf6d elementor-section-boxed elementor-section-height-default elementor-section-height-default\" data-id=\"4dfcf6d\" data-element_type=\"section\" data-e-type=\"section\">\n\t\t\t\t\t\t<div class=\"elementor-container elementor-column-gap-default\">\n\t\t\t\t\t<div class=\"elementor-column elementor-col-100 elementor-top-column elementor-element elementor-element-6981c83\" data-id=\"6981c83\" data-element_type=\"column\" data-e-type=\"column\">\n\t\t\t<div class=\"elementor-widget-wrap elementor-element-populated\">\n\t\t\t\t\t\t<div class=\"elementor-element elementor-element-07911cf elementor-align-center elementor-widget elementor-widget-button\" data-id=\"07911cf\" data-element_type=\"widget\" data-e-type=\"widget\" data-widget_type=\"button.default\">\n\t\t\t\t<div class=\"elementor-widget-container\">\n\t\t\t\t\t\t\t\t\t<div class=\"elementor-button-wrapper\">\n\t\t\t\t\t<a class=\"elementor-button elementor-button-link elementor-size-sm\" href=\"https:\/\/dreamland-project.eu\/sl\/parliemantary-simulation\/\" target=\"_blank\">\n\t\t\t\t\t\t<span class=\"elementor-button-content-wrapper\">\n\t\t\t\t\t\t\t\t\t<span class=\"elementor-button-text\">PARLIAMENTARY SIMULATION<\/span>\n\t\t\t\t\t<\/span>\n\t\t\t\t\t<\/a>\n\t\t\t\t<\/div>\n\t\t\t\t\t\t\t\t<\/div>\n\t\t\t\t<\/div>\n\t\t\t\t\t<\/div>\n\t\t<\/div>\n\t\t\t\t\t<\/div>\n\t\t<\/section>\n\t\t\t\t<section class=\"elementor-section elementor-top-section elementor-element elementor-element-a1a2b4c elementor-section-boxed elementor-section-height-default elementor-section-height-default\" data-id=\"a1a2b4c\" data-element_type=\"section\" data-e-type=\"section\">\n\t\t\t\t\t\t<div class=\"elementor-container elementor-column-gap-default\">\n\t\t\t\t\t<div class=\"elementor-column elementor-col-100 elementor-top-column elementor-element elementor-element-b2b18fd\" data-id=\"b2b18fd\" data-element_type=\"column\" data-e-type=\"column\">\n\t\t\t<div class=\"elementor-widget-wrap elementor-element-populated\">\n\t\t\t\t\t\t<div class=\"elementor-element elementor-element-f16e58a elementor-widget elementor-widget-spacer\" data-id=\"f16e58a\" data-element_type=\"widget\" data-e-type=\"widget\" data-widget_type=\"spacer.default\">\n\t\t\t\t<div class=\"elementor-widget-container\">\n\t\t\t\t\t\t\t<div class=\"elementor-spacer\">\n\t\t\t<div class=\"elementor-spacer-inner\"><\/div>\n\t\t<\/div>\n\t\t\t\t\t\t<\/div>\n\t\t\t\t<\/div>\n\t\t\t\t\t<\/div>\n\t\t<\/div>\n\t\t\t\t\t<\/div>\n\t\t<\/section>\n\t\t\t\t<section class=\"elementor-section elementor-top-section elementor-element elementor-element-23da5e7 elementor-section-stretched elementor-section-boxed elementor-section-height-default elementor-section-height-default\" data-id=\"23da5e7\" data-element_type=\"section\" data-e-type=\"section\" data-settings=\"{&quot;stretch_section&quot;:&quot;section-stretched&quot;}\">\n\t\t\t\t\t\t<div class=\"elementor-container elementor-column-gap-default\">\n\t\t\t\t\t<div class=\"elementor-column elementor-col-20 elementor-top-column elementor-element elementor-element-d3881e4\" data-id=\"d3881e4\" data-element_type=\"column\" data-e-type=\"column\">\n\t\t\t<div class=\"elementor-widget-wrap elementor-element-populated\">\n\t\t\t\t\t\t<div class=\"elementor-element elementor-element-62b77c7 elementor-position-top elementor-widget elementor-widget-image-box\" data-id=\"62b77c7\" data-element_type=\"widget\" data-e-type=\"widget\" data-widget_type=\"image-box.default\">\n\t\t\t\t<div class=\"elementor-widget-container\">\n\t\t\t\t\t<div class=\"elementor-image-box-wrapper\"><figure class=\"elementor-image-box-img\"><img decoding=\"async\" width=\"300\" height=\"300\" src=\"https:\/\/dreamland-project.eu\/wp-content\/uploads\/2023\/03\/3-300x300.png\" class=\"attachment-medium size-medium wp-image-13\" alt=\"\" srcset=\"https:\/\/dreamland-project.eu\/wp-content\/uploads\/2023\/03\/3-300x300.png 300w, https:\/\/dreamland-project.eu\/wp-content\/uploads\/2023\/03\/3-1024x1024.png 1024w, https:\/\/dreamland-project.eu\/wp-content\/uploads\/2023\/03\/3-150x150.png 150w, https:\/\/dreamland-project.eu\/wp-content\/uploads\/2023\/03\/3-768x768.png 768w, https:\/\/dreamland-project.eu\/wp-content\/uploads\/2023\/03\/3.png 1080w\" sizes=\"(max-width: 300px) 100vw, 300px\" \/><\/figure><div class=\"elementor-image-box-content\"><h3 class=\"elementor-image-box-title\">Prvi sestanek projekta:<\/h3><p class=\"elementor-image-box-description\">22. do 25. januar 2023 \nHelsinki, Finska\n<\/p><\/div><\/div>\t\t\t\t<\/div>\n\t\t\t\t<\/div>\n\t\t\t\t\t<\/div>\n\t\t<\/div>\n\t\t\t\t<div class=\"elementor-column elementor-col-20 elementor-top-column elementor-element elementor-element-5337ad3\" data-id=\"5337ad3\" data-element_type=\"column\" data-e-type=\"column\">\n\t\t\t<div class=\"elementor-widget-wrap\">\n\t\t\t\t\t\t\t<\/div>\n\t\t<\/div>\n\t\t\t\t<div class=\"elementor-column elementor-col-20 elementor-top-column elementor-element elementor-element-3a3531f\" data-id=\"3a3531f\" data-element_type=\"column\" data-e-type=\"column\">\n\t\t\t<div class=\"elementor-widget-wrap elementor-element-populated\">\n\t\t\t\t\t\t<div class=\"elementor-element elementor-element-f9229dc elementor-position-top elementor-widget elementor-widget-image-box\" data-id=\"f9229dc\" data-element_type=\"widget\" data-e-type=\"widget\" data-widget_type=\"image-box.default\">\n\t\t\t\t<div class=\"elementor-widget-container\">\n\t\t\t\t\t<div class=\"elementor-image-box-wrapper\"><figure class=\"elementor-image-box-img\"><img decoding=\"async\" width=\"300\" height=\"300\" src=\"https:\/\/dreamland-project.eu\/wp-content\/uploads\/2023\/03\/3-300x300.png\" class=\"attachment-medium size-medium wp-image-13\" alt=\"\" srcset=\"https:\/\/dreamland-project.eu\/wp-content\/uploads\/2023\/03\/3-300x300.png 300w, https:\/\/dreamland-project.eu\/wp-content\/uploads\/2023\/03\/3-1024x1024.png 1024w, https:\/\/dreamland-project.eu\/wp-content\/uploads\/2023\/03\/3-150x150.png 150w, https:\/\/dreamland-project.eu\/wp-content\/uploads\/2023\/03\/3-768x768.png 768w, https:\/\/dreamland-project.eu\/wp-content\/uploads\/2023\/03\/3.png 1080w\" sizes=\"(max-width: 300px) 100vw, 300px\" \/><\/figure><div class=\"elementor-image-box-content\"><h3 class=\"elementor-image-box-title\">Sestanek v sredini projekta:<\/h3><p class=\"elementor-image-box-description\">D.R.E.A.M.LAND SIMULACIJA PARLAMENTA \nAntalija, Tur\u010dija\n<\/p><\/div><\/div>\t\t\t\t<\/div>\n\t\t\t\t<\/div>\n\t\t\t\t\t<\/div>\n\t\t<\/div>\n\t\t\t\t<div class=\"elementor-column elementor-col-20 elementor-top-column elementor-element elementor-element-4d00089\" data-id=\"4d00089\" data-element_type=\"column\" data-e-type=\"column\">\n\t\t\t<div class=\"elementor-widget-wrap\">\n\t\t\t\t\t\t\t<\/div>\n\t\t<\/div>\n\t\t\t\t<div class=\"elementor-column elementor-col-20 elementor-top-column elementor-element elementor-element-05e2e92\" data-id=\"05e2e92\" data-element_type=\"column\" data-e-type=\"column\">\n\t\t\t<div class=\"elementor-widget-wrap elementor-element-populated\">\n\t\t\t\t\t\t<div class=\"elementor-element elementor-element-3c98f05 elementor-position-top elementor-widget elementor-widget-image-box\" data-id=\"3c98f05\" data-element_type=\"widget\" data-e-type=\"widget\" data-widget_type=\"image-box.default\">\n\t\t\t\t<div class=\"elementor-widget-container\">\n\t\t\t\t\t<div class=\"elementor-image-box-wrapper\"><figure class=\"elementor-image-box-img\"><img decoding=\"async\" width=\"300\" height=\"300\" src=\"https:\/\/dreamland-project.eu\/wp-content\/uploads\/2023\/03\/3-300x300.png\" class=\"attachment-medium size-medium wp-image-13\" alt=\"\" srcset=\"https:\/\/dreamland-project.eu\/wp-content\/uploads\/2023\/03\/3-300x300.png 300w, https:\/\/dreamland-project.eu\/wp-content\/uploads\/2023\/03\/3-1024x1024.png 1024w, https:\/\/dreamland-project.eu\/wp-content\/uploads\/2023\/03\/3-150x150.png 150w, https:\/\/dreamland-project.eu\/wp-content\/uploads\/2023\/03\/3-768x768.png 768w, https:\/\/dreamland-project.eu\/wp-content\/uploads\/2023\/03\/3.png 1080w\" sizes=\"(max-width: 300px) 100vw, 300px\" \/><\/figure><div class=\"elementor-image-box-content\"><h3 class=\"elementor-image-box-title\">Closure Meeting &amp; Final Conference:<\/h3><p class=\"elementor-image-box-description\">julij 2024 - oktober 2024, 3 dni \nSardinija, Italija\n<\/p><\/div><\/div>\t\t\t\t<\/div>\n\t\t\t\t<\/div>\n\t\t\t\t\t<\/div>\n\t\t<\/div>\n\t\t\t\t\t<\/div>\n\t\t<\/section>\n\t\t\t\t<section class=\"elementor-section elementor-top-section elementor-element elementor-element-178ea2e elementor-section-stretched elementor-section-boxed elementor-section-height-default elementor-section-height-default\" data-id=\"178ea2e\" data-element_type=\"section\" data-e-type=\"section\" data-settings=\"{&quot;stretch_section&quot;:&quot;section-stretched&quot;}\">\n\t\t\t\t\t\t<div class=\"elementor-container elementor-column-gap-default\">\n\t\t\t\t\t<div class=\"elementor-column elementor-col-100 elementor-top-column elementor-element elementor-element-6a3625d\" data-id=\"6a3625d\" data-element_type=\"column\" data-e-type=\"column\">\n\t\t\t<div class=\"elementor-widget-wrap elementor-element-populated\">\n\t\t\t\t\t\t<div class=\"elementor-element elementor-element-19346aa elementor-widget elementor-widget-image\" data-id=\"19346aa\" data-element_type=\"widget\" data-e-type=\"widget\" data-widget_type=\"image.default\">\n\t\t\t\t<div class=\"elementor-widget-container\">\n\t\t\t\t\t\t\t\t\t\t\t\t\t\t\t<img decoding=\"async\" width=\"1080\" height=\"402\" src=\"https:\/\/dreamland-project.eu\/wp-content\/uploads\/2023\/03\/5-2-e1678908932394.png\" class=\"attachment-full size-full wp-image-27\" alt=\"\" srcset=\"https:\/\/dreamland-project.eu\/wp-content\/uploads\/2023\/03\/5-2-e1678908932394.png 1080w, https:\/\/dreamland-project.eu\/wp-content\/uploads\/2023\/03\/5-2-e1678908932394-300x112.png 300w, https:\/\/dreamland-project.eu\/wp-content\/uploads\/2023\/03\/5-2-e1678908932394-1024x381.png 1024w, https:\/\/dreamland-project.eu\/wp-content\/uploads\/2023\/03\/5-2-e1678908932394-768x286.png 768w\" sizes=\"(max-width: 1080px) 100vw, 1080px\" \/>\t\t\t\t\t\t\t\t\t\t\t\t\t\t\t<\/div>\n\t\t\t\t<\/div>\n\t\t\t\t\t<\/div>\n\t\t<\/div>\n\t\t\t\t\t<\/div>\n\t\t<\/section>\n\t\t\t\t<\/div>","protected":false},"excerpt":{"rendered":"<p>The target groups of the project are: Young people between the ages of 18-30 felt not represented, with policy literacy problems and far from decision-making mechanisms Youth leaders, Universities, Local Institutions, Cultural and Voluntary Associations, Third Sector representatives, Movements, Youth PARLIAMENTARY SIMULATION Kick-off Meeting: 22-25 January 2023 Helsinki, Finland Mid-Term Meeting: &#8211; D.R.E.A.M.LAND PARLIAMENT SMULATION&hellip;&nbsp;<a href=\"https:\/\/dreamland-project.eu\/sl\/events-news\/\" rel=\"bookmark\">Preberi ve\u010d &raquo;<span class=\"screen-reader-text\">Dogodki in novice<\/span><\/a><\/p>","protected":false},"author":1,"featured_media":0,"parent":0,"menu_order":0,"comment_status":"closed","ping_status":"closed","template":"elementor_header_footer","meta":{"_bbp_topic_count":0,"_bbp_reply_count":0,"_bbp_total_topic_count":0,"_bbp_total_reply_count":0,"_bbp_voice_count":0,"_bbp_anonymous_reply_count":0,"_bbp_topic_count_hidden":0,"_bbp_reply_count_hidden":0,"_bbp_forum_subforum_count":0,"neve_meta_sidebar":"","neve_meta_container":"","neve_meta_enable_content_width":"","neve_meta_content_width":0,"neve_meta_title_alignment":"","neve_meta_author_avatar":"","neve_post_elements_order":"","neve_meta_disable_header":"","neve_meta_disable_footer":"","neve_meta_disable_title":"","footnotes":""},"class_list":["post-42","page","type-page","status-publish","hentry"],"_links":{"self":[{"href":"https:\/\/dreamland-project.eu\/sl\/wp-json\/wp\/v2\/pages\/42","targetHints":{"allow":["GET"]}}],"collection":[{"href":"https:\/\/dreamland-project.eu\/sl\/wp-json\/wp\/v2\/pages"}],"about":[{"href":"https:\/\/dreamland-project.eu\/sl\/wp-json\/wp\/v2\/types\/page"}],"author":[{"embeddable":true,"href":"https:\/\/dreamland-project.eu\/sl\/wp-json\/wp\/v2\/users\/1"}],"replies":[{"embeddable":true,"href":"https:\/\/dreamland-project.eu\/sl\/wp-json\/wp\/v2\/comments?post=42"}],"version-history":[{"count":13,"href":"https:\/\/dreamland-project.eu\/sl\/wp-json\/wp\/v2\/pages\/42\/revisions"}],"predecessor-version":[{"id":622,"href":"https:\/\/dreamland-project.eu\/sl\/wp-json\/wp\/v2\/pages\/42\/revisions\/622"}],"wp:attachment":[{"href":"https:\/\/dreamland-project.eu\/sl\/wp-json\/wp\/v2\/media?parent=42"}],"curies":[{"name":"wp","href":"https:\/\/api.w.org\/{rel}","templated":true}]}}