{"id":82,"date":"2023-03-16T17:45:27","date_gmt":"2023-03-16T17:45:27","guid":{"rendered":"http:\/\/f0c8f46c-1c15-4944-81c0-d9e8196933a3.eu02.conves.io\/?page_id=82"},"modified":"2023-06-29T11:49:47","modified_gmt":"2023-06-29T11:49:47","slug":"contact","status":"publish","type":"page","link":"https:\/\/dreamland-project.eu\/mk\/contact\/","title":{"rendered":"\u041a\u043e\u043d\u0442\u0430\u043a\u0442"},"content":{"rendered":"<div data-elementor-type=\"wp-page\" data-elementor-id=\"82\" class=\"elementor elementor-82\">\n\t\t\t\t\t\t<section class=\"elementor-section elementor-top-section elementor-element elementor-element-4b8cd81 elementor-section-boxed elementor-section-height-default elementor-section-height-default\" data-id=\"4b8cd81\" data-element_type=\"section\" data-e-type=\"section\" data-settings=\"{&quot;background_background&quot;:&quot;classic&quot;}\">\n\t\t\t\t\t\t<div class=\"elementor-container elementor-column-gap-default\">\n\t\t\t\t\t<div class=\"elementor-column elementor-col-100 elementor-top-column elementor-element elementor-element-256ff65\" data-id=\"256ff65\" data-element_type=\"column\" data-e-type=\"column\">\n\t\t\t<div class=\"elementor-widget-wrap elementor-element-populated\">\n\t\t\t\t\t\t<div class=\"elementor-element elementor-element-446af5b elementor-widget elementor-widget-image\" data-id=\"446af5b\" data-element_type=\"widget\" data-e-type=\"widget\" data-widget_type=\"image.default\">\n\t\t\t\t<div class=\"elementor-widget-container\">\n\t\t\t\t\t\t\t\t\t\t\t\t\t\t\t<img decoding=\"async\" width=\"150\" height=\"150\" src=\"https:\/\/dreamland-project.eu\/wp-content\/uploads\/2023\/03\/6-1-150x150.png\" class=\"attachment-thumbnail size-thumbnail wp-image-167\" alt=\"Contact Us Sign\" srcset=\"https:\/\/dreamland-project.eu\/wp-content\/uploads\/2023\/03\/6-1-150x150.png 150w, https:\/\/dreamland-project.eu\/wp-content\/uploads\/2023\/03\/6-1-300x300.png 300w, https:\/\/dreamland-project.eu\/wp-content\/uploads\/2023\/03\/6-1-1024x1024.png 1024w, https:\/\/dreamland-project.eu\/wp-content\/uploads\/2023\/03\/6-1-768x768.png 768w, https:\/\/dreamland-project.eu\/wp-content\/uploads\/2023\/03\/6-1.png 1080w\" sizes=\"(max-width: 150px) 100vw, 150px\" \/>\t\t\t\t\t\t\t\t\t\t\t\t\t\t\t<\/div>\n\t\t\t\t<\/div>\n\t\t\t\t\t<\/div>\n\t\t<\/div>\n\t\t\t\t\t<\/div>\n\t\t<\/section>\n\t\t\t\t<section class=\"elementor-section elementor-top-section elementor-element elementor-element-4610e55 elementor-section-boxed elementor-section-height-default elementor-section-height-default\" data-id=\"4610e55\" data-element_type=\"section\" data-e-type=\"section\">\n\t\t\t\t\t\t<div class=\"elementor-container elementor-column-gap-default\">\n\t\t\t\t\t<div class=\"elementor-column elementor-col-100 elementor-top-column elementor-element elementor-element-ffb5da0\" data-id=\"ffb5da0\" data-element_type=\"column\" data-e-type=\"column\">\n\t\t\t<div class=\"elementor-widget-wrap elementor-element-populated\">\n\t\t\t\t\t\t<div class=\"elementor-element elementor-element-8d543e9 elementor-widget elementor-widget-spacer\" data-id=\"8d543e9\" data-element_type=\"widget\" data-e-type=\"widget\" data-widget_type=\"spacer.default\">\n\t\t\t\t<div class=\"elementor-widget-container\">\n\t\t\t\t\t\t\t<div class=\"elementor-spacer\">\n\t\t\t<div class=\"elementor-spacer-inner\"><\/div>\n\t\t<\/div>\n\t\t\t\t\t\t<\/div>\n\t\t\t\t<\/div>\n\t\t\t\t\t<\/div>\n\t\t<\/div>\n\t\t\t\t\t<\/div>\n\t\t<\/section>\n\t\t\t\t<section class=\"elementor-section elementor-top-section elementor-element elementor-element-a5822e4 elementor-section-content-space-evenly elementor-section-boxed elementor-section-height-default elementor-section-height-default\" data-id=\"a5822e4\" data-element_type=\"section\" data-e-type=\"section\">\n\t\t\t\t\t\t<div class=\"elementor-container elementor-column-gap-default\">\n\t\t\t\t\t<div class=\"elementor-column elementor-col-20 elementor-top-column elementor-element elementor-element-e6208cb\" data-id=\"e6208cb\" data-element_type=\"column\" data-e-type=\"column\">\n\t\t\t<div class=\"elementor-widget-wrap\">\n\t\t\t\t\t\t\t<\/div>\n\t\t<\/div>\n\t\t\t\t<div class=\"elementor-column elementor-col-20 elementor-top-column elementor-element elementor-element-8a4b6c9\" data-id=\"8a4b6c9\" data-element_type=\"column\" data-e-type=\"column\">\n\t\t\t<div class=\"elementor-widget-wrap elementor-element-populated\">\n\t\t\t\t\t\t<div class=\"elementor-element elementor-element-aad5739 elementor-widget elementor-widget-heading\" data-id=\"aad5739\" data-element_type=\"widget\" data-e-type=\"widget\" data-widget_type=\"heading.default\">\n\t\t\t\t<div class=\"elementor-widget-container\">\n\t\t\t\t\t<h3 class=\"elementor-heading-title elementor-size-default\">\u041d\u0412\u041e \u041c\u0418\u041d\u0415 \u0412\u0410\u0413\u0410\u041d\u0422\u0418  <\/h3>\t\t\t\t<\/div>\n\t\t\t\t<\/div>\n\t\t\t\t<div class=\"elementor-element elementor-element-8d450e8 elementor-widget elementor-widget-spacer\" data-id=\"8d450e8\" data-element_type=\"widget\" data-e-type=\"widget\" data-widget_type=\"spacer.default\">\n\t\t\t\t<div class=\"elementor-widget-container\">\n\t\t\t\t\t\t\t<div class=\"elementor-spacer\">\n\t\t\t<div class=\"elementor-spacer-inner\"><\/div>\n\t\t<\/div>\n\t\t\t\t\t\t<\/div>\n\t\t\t\t<\/div>\n\t\t\t\t<div class=\"elementor-element elementor-element-1dbcf7b elementor-widget elementor-widget-text-editor\" data-id=\"1dbcf7b\" data-element_type=\"widget\" data-e-type=\"widget\" data-widget_type=\"text-editor.default\">\n\t\t\t\t<div class=\"elementor-widget-container\">\n\t\t\t\t\t\t\t\t\t<p style=\"text-align: center;\"><span style=\"text-decoration: underline;\">\u041a\u041e\u041d\u0422\u0410\u041a\u0422 \u0418\u041d\u0424\u041e<\/span><\/p><p style=\"text-align: center;\"><strong>\u0410\u0434\u0440\u0435\u0441\u0430:<\/strong> \u041d\u0412\u041e Mine Vaganti \u2013 Via Fiore Bianco 13\/A, 07100 Sassari, \u0418\u0442\u0430\u043b\u0438\u0458\u0430<\/p><p style=\"text-align: center;\"><strong>\u0422\u0435\u043b. \u0431\u0440\u043e\u0458:<\/strong> + 39 079 601 0000<\/p><p style=\"text-align: center;\"><strong>\u0415-\u043f\u043e\u0448\u0442\u0430:<\/strong> info@minevaganti.org<\/p>\t\t\t\t\t\t\t\t<\/div>\n\t\t\t\t<\/div>\n\t\t\t\t<div class=\"elementor-element elementor-element-828c79f elementor-widget elementor-widget-text-editor\" data-id=\"828c79f\" data-element_type=\"widget\" data-e-type=\"widget\" data-widget_type=\"text-editor.default\">\n\t\t\t\t<div class=\"elementor-widget-container\">\n\t\t\t\t\t\t\t\t\t<iframe src=\"https:\/\/www.google.com\/maps\/embed?pb=!1m18!1m12!1m3!1d3023.6687062594287!2d8.55813277468836!3d40.72530903680288!2m3!1f0!2f0!3f0!3m2!1i1024!2i768!4f13.1!3m3!1m2!1s0x12dc0c5ade49db93%3A0xc14007608b950458!2sMine%20Vaganti%20NGO!5e0!3m2!1sen!2sit!4v1688037294952!5m2!1sen!2sit\" width=\"400\" height=\"300\" style=\"border:0;\" allowfullscreen=\"\" loading=\"lazy\" referrerpolicy=\"no-referrer-when-downgrade\"><\/iframe>\t\t\t\t\t\t\t\t<\/div>\n\t\t\t\t<\/div>\n\t\t\t\t\t<\/div>\n\t\t<\/div>\n\t\t\t\t<div class=\"elementor-column elementor-col-20 elementor-top-column elementor-element elementor-element-2ab671a\" data-id=\"2ab671a\" data-element_type=\"column\" data-e-type=\"column\">\n\t\t\t<div class=\"elementor-widget-wrap\">\n\t\t\t\t\t\t\t<\/div>\n\t\t<\/div>\n\t\t\t\t<div class=\"elementor-column elementor-col-20 elementor-top-column elementor-element elementor-element-6fea461\" data-id=\"6fea461\" data-element_type=\"column\" data-e-type=\"column\">\n\t\t\t<div class=\"elementor-widget-wrap elementor-element-populated\">\n\t\t\t\t\t\t<div class=\"elementor-element elementor-element-7fd01f3 elementor-widget elementor-widget-heading\" data-id=\"7fd01f3\" data-element_type=\"widget\" data-e-type=\"widget\" data-widget_type=\"heading.default\">\n\t\t\t\t<div class=\"elementor-widget-container\">\n\t\t\t\t\t<h3 class=\"elementor-heading-title elementor-size-default\">\u0417\u0434\u0440\u0443\u0436\u0435\u043d\u0438\u0435 \u043d\u0430 \u0441\u043f\u043e\u0440\u0442\u0441\u043a\u0438 \u043a\u043b\u0443\u0431\u043e\u0432\u0438 \u0437\u0430 \u0438\u0437\u0432\u0438\u0434\u043d\u0438\u0446\u0438 \u0438 \u043f\u0440\u0438\u0440\u043e\u0434\u0430 \u043d\u0430 \u041b\u0438\u043a\u0438\u0458\u0430<\/h3>\t\t\t\t<\/div>\n\t\t\t\t<\/div>\n\t\t\t\t<div class=\"elementor-element elementor-element-4da982d elementor-widget elementor-widget-text-editor\" data-id=\"4da982d\" data-element_type=\"widget\" data-e-type=\"widget\" data-widget_type=\"text-editor.default\">\n\t\t\t\t<div class=\"elementor-widget-container\">\n\t\t\t\t\t\t\t\t\t<p style=\"text-align: center;\"><span style=\"text-decoration: underline;\">\u041a\u041e\u041d\u0422\u0410\u041a\u0422 \u0418\u041d\u0424\u041e<\/span><\/p><p style=\"text-align: center;\"><strong>\u0410\u0434\u0440\u0435\u0441\u0430:<\/strong> \u0412\u0430\u0440\u043b\u0438\u043a \u041c\u0430\u0445. H\u0131z\u0131r Resi Cad. 179. \u0441\u043e\u043a. \u0411\u0440: 7\/3 \u041c. \u0415\u0441\u0430\u0442 \u041e\u0433\u0443\u0437, \u0430\u043f. \u041a\u0430\u0442: 2 \u0414: 9 \u041c\u0443\u0440\u0430\u0442\u043f\u0430\u0448\u0430\/\u0410\u041d\u0422\u0410\u041b\u0418\u0408\u0410<\/p><p style=\"text-align: center;\"><strong>\u0422\u0435\u043b. \u0431\u0440\u043e\u0458:<\/strong> +90 507 760 78 76<\/p><p style=\"text-align: center;\"><strong>\u0415-\u043f\u043e\u0448\u0442\u0430:<\/strong> info@lidosk.org.tr<\/p>\t\t\t\t\t\t\t\t<\/div>\n\t\t\t\t<\/div>\n\t\t\t\t<div class=\"elementor-element elementor-element-cc6ae07 elementor-widget elementor-widget-text-editor\" data-id=\"cc6ae07\" data-element_type=\"widget\" data-e-type=\"widget\" data-widget_type=\"text-editor.default\">\n\t\t\t\t<div class=\"elementor-widget-container\">\n\t\t\t\t\t\t\t\t\t<iframe src=\"https:\/\/www.google.com\/maps\/embed?pb=!1m14!1m8!1m3!1d25529.052769980837!2d30.697472!3d36.8872!3m2!1i1024!2i768!4f13.1!3m3!1m2!1s0x14c39022f3fd009d%3A0xa76f1a940009e8e2!2zTMSwRE9TSw!5e0!3m2!1sen!2str!4v1688037797044!5m2!1sen!2str\" width=\"400\" height=\"300\" style=\"border:0;\" allowfullscreen=\"\" loading=\"lazy\" referrerpolicy=\"no-referrer-when-downgrade\"><\/iframe>\t\t\t\t\t\t\t\t<\/div>\n\t\t\t\t<\/div>\n\t\t\t\t\t<\/div>\n\t\t<\/div>\n\t\t\t\t<div class=\"elementor-column elementor-col-20 elementor-top-column elementor-element elementor-element-d89bcc8\" data-id=\"d89bcc8\" data-element_type=\"column\" data-e-type=\"column\">\n\t\t\t<div class=\"elementor-widget-wrap\">\n\t\t\t\t\t\t\t<\/div>\n\t\t<\/div>\n\t\t\t\t\t<\/div>\n\t\t<\/section>\n\t\t\t\t<section class=\"elementor-section elementor-top-section elementor-element elementor-element-569a444 elementor-section-boxed elementor-section-height-default elementor-section-height-default\" data-id=\"569a444\" data-element_type=\"section\" data-e-type=\"section\">\n\t\t\t\t\t\t<div class=\"elementor-container elementor-column-gap-default\">\n\t\t\t\t\t<div class=\"elementor-column elementor-col-100 elementor-top-column elementor-element elementor-element-1746b93\" data-id=\"1746b93\" data-element_type=\"column\" data-e-type=\"column\">\n\t\t\t<div class=\"elementor-widget-wrap elementor-element-populated\">\n\t\t\t\t\t\t<div class=\"elementor-element elementor-element-0a1fdbc elementor-widget elementor-widget-spacer\" data-id=\"0a1fdbc\" data-element_type=\"widget\" data-e-type=\"widget\" data-widget_type=\"spacer.default\">\n\t\t\t\t<div class=\"elementor-widget-container\">\n\t\t\t\t\t\t\t<div class=\"elementor-spacer\">\n\t\t\t<div class=\"elementor-spacer-inner\"><\/div>\n\t\t<\/div>\n\t\t\t\t\t\t<\/div>\n\t\t\t\t<\/div>\n\t\t\t\t\t<\/div>\n\t\t<\/div>\n\t\t\t\t\t<\/div>\n\t\t<\/section>\n\t\t\t\t<\/div>","protected":false},"excerpt":{"rendered":"<p>MINE VAGANTI NGO CONTACT INFO Address : Mine Vaganti NGO &#8211; Via Fiore Bianco 13\/A, 07100 Sassari, Italy Phone Number: + 39 079 601 0000 E-mail: info@minevaganti.org Lykia Scouting And Nature Sports Club Association CONTACT INFO Address: Varl\u0131k Mah. H\u0131z\u0131r Resi Cad. 179. sok. No: 7\/3 M. Esat O\u011fuz apt. Kat: 2 D: 9 Muratpa\u015fa\/ANTALYA&hellip;&nbsp;<a href=\"https:\/\/dreamland-project.eu\/mk\/contact\/\" rel=\"bookmark\">Read More &raquo;<span class=\"screen-reader-text\">\u041a\u043e\u043d\u0442\u0430\u043a\u0442<\/span><\/a><\/p>","protected":false},"author":1,"featured_media":0,"parent":0,"menu_order":0,"comment_status":"closed","ping_status":"closed","template":"elementor_header_footer","meta":{"_bbp_topic_count":0,"_bbp_reply_count":0,"_bbp_total_topic_count":0,"_bbp_total_reply_count":0,"_bbp_voice_count":0,"_bbp_anonymous_reply_count":0,"_bbp_topic_count_hidden":0,"_bbp_reply_count_hidden":0,"_bbp_forum_subforum_count":0,"neve_meta_sidebar":"","neve_meta_container":"","neve_meta_enable_content_width":"","neve_meta_content_width":0,"neve_meta_title_alignment":"","neve_meta_author_avatar":"","neve_post_elements_order":"","neve_meta_disable_header":"","neve_meta_disable_footer":"","neve_meta_disable_title":"","footnotes":""},"class_list":["post-82","page","type-page","status-publish","hentry"],"_links":{"self":[{"href":"https:\/\/dreamland-project.eu\/mk\/wp-json\/wp\/v2\/pages\/82","targetHints":{"allow":["GET"]}}],"collection":[{"href":"https:\/\/dreamland-project.eu\/mk\/wp-json\/wp\/v2\/pages"}],"about":[{"href":"https:\/\/dreamland-project.eu\/mk\/wp-json\/wp\/v2\/types\/page"}],"author":[{"embeddable":true,"href":"https:\/\/dreamland-project.eu\/mk\/wp-json\/wp\/v2\/users\/1"}],"replies":[{"embeddable":true,"href":"https:\/\/dreamland-project.eu\/mk\/wp-json\/wp\/v2\/comments?post=82"}],"version-history":[{"count":36,"href":"https:\/\/dreamland-project.eu\/mk\/wp-json\/wp\/v2\/pages\/82\/revisions"}],"predecessor-version":[{"id":343,"href":"https:\/\/dreamland-project.eu\/mk\/wp-json\/wp\/v2\/pages\/82\/revisions\/343"}],"wp:attachment":[{"href":"https:\/\/dreamland-project.eu\/mk\/wp-json\/wp\/v2\/media?parent=82"}],"curies":[{"name":"wp","href":"https:\/\/api.w.org\/{rel}","templated":true}]}}