{"id":31,"date":"2023-03-15T19:57:18","date_gmt":"2023-03-15T19:57:18","guid":{"rendered":"http:\/\/f0c8f46c-1c15-4944-81c0-d9e8196933a3.eu02.conves.io\/?page_id=31"},"modified":"2023-03-16T19:21:15","modified_gmt":"2023-03-16T19:21:15","slug":"objectives","status":"publish","type":"page","link":"https:\/\/dreamland-project.eu\/it\/objectives\/","title":{"rendered":"Obiettivi"},"content":{"rendered":"<div data-elementor-type=\"wp-page\" data-elementor-id=\"31\" class=\"elementor elementor-31\">\n\t\t\t\t\t\t<section class=\"elementor-section elementor-top-section elementor-element elementor-element-834c303 elementor-section-boxed elementor-section-height-default elementor-section-height-default\" data-id=\"834c303\" data-element_type=\"section\" data-e-type=\"section\" data-settings=\"{&quot;background_background&quot;:&quot;classic&quot;}\">\n\t\t\t\t\t\t<div class=\"elementor-container elementor-column-gap-default\">\n\t\t\t\t\t<div class=\"elementor-column elementor-col-16 elementor-top-column elementor-element elementor-element-80171b5\" data-id=\"80171b5\" data-element_type=\"column\" data-e-type=\"column\">\n\t\t\t<div class=\"elementor-widget-wrap elementor-element-populated\">\n\t\t\t\t\t\t<div class=\"elementor-element elementor-element-d3e875b elementor-widget elementor-widget-image\" data-id=\"d3e875b\" data-element_type=\"widget\" data-e-type=\"widget\" data-widget_type=\"image.default\">\n\t\t\t\t<div class=\"elementor-widget-container\">\n\t\t\t\t\t\t\t\t\t\t\t\t\t\t\t<img fetchpriority=\"high\" decoding=\"async\" width=\"300\" height=\"300\" src=\"https:\/\/dreamland-project.eu\/wp-content\/uploads\/2023\/03\/1-300x300.png\" class=\"attachment-medium size-medium wp-image-11\" alt=\"\" srcset=\"https:\/\/dreamland-project.eu\/wp-content\/uploads\/2023\/03\/1-300x300.png 300w, https:\/\/dreamland-project.eu\/wp-content\/uploads\/2023\/03\/1-1024x1024.png 1024w, https:\/\/dreamland-project.eu\/wp-content\/uploads\/2023\/03\/1-150x150.png 150w, https:\/\/dreamland-project.eu\/wp-content\/uploads\/2023\/03\/1-768x768.png 768w, https:\/\/dreamland-project.eu\/wp-content\/uploads\/2023\/03\/1.png 1080w\" sizes=\"(max-width: 300px) 100vw, 300px\" \/>\t\t\t\t\t\t\t\t\t\t\t\t\t\t\t<\/div>\n\t\t\t\t<\/div>\n\t\t\t\t\t<\/div>\n\t\t<\/div>\n\t\t\t\t<div class=\"elementor-column elementor-col-66 elementor-top-column elementor-element elementor-element-16a954d\" data-id=\"16a954d\" data-element_type=\"column\" data-e-type=\"column\" data-settings=\"{&quot;background_background&quot;:&quot;classic&quot;}\">\n\t\t\t<div class=\"elementor-widget-wrap elementor-element-populated\">\n\t\t\t\t\t\t<div class=\"elementor-element elementor-element-29c77d9 elementor-widget elementor-widget-spacer\" data-id=\"29c77d9\" data-element_type=\"widget\" data-e-type=\"widget\" data-widget_type=\"spacer.default\">\n\t\t\t\t<div class=\"elementor-widget-container\">\n\t\t\t\t\t\t\t<div class=\"elementor-spacer\">\n\t\t\t<div class=\"elementor-spacer-inner\"><\/div>\n\t\t<\/div>\n\t\t\t\t\t\t<\/div>\n\t\t\t\t<\/div>\n\t\t\t\t<div class=\"elementor-element elementor-element-2506a92 elementor-widget elementor-widget-heading\" data-id=\"2506a92\" data-element_type=\"widget\" data-e-type=\"widget\" data-widget_type=\"heading.default\">\n\t\t\t\t<div class=\"elementor-widget-container\">\n\t\t\t\t\t<h4 class=\"elementor-heading-title elementor-size-default\">L'obiettivo generale del progetto \u00e8 quello di rendere i giovani disposti a partecipare attivamente alla societ\u00e0 civile e alla vita politica a livello locale, nazionale ed europeo. Pertanto, gli obiettivi specifici del progetto D.R.E.A.M.LAND sono i seguenti:<\/h4>\t\t\t\t<\/div>\n\t\t\t\t<\/div>\n\t\t\t\t\t<\/div>\n\t\t<\/div>\n\t\t\t\t<div class=\"elementor-column elementor-col-16 elementor-top-column elementor-element elementor-element-5c8425d\" data-id=\"5c8425d\" data-element_type=\"column\" data-e-type=\"column\">\n\t\t\t<div class=\"elementor-widget-wrap elementor-element-populated\">\n\t\t\t\t\t\t<div class=\"elementor-element elementor-element-4676921 elementor-widget elementor-widget-image\" data-id=\"4676921\" data-element_type=\"widget\" data-e-type=\"widget\" data-widget_type=\"image.default\">\n\t\t\t\t<div class=\"elementor-widget-container\">\n\t\t\t\t\t\t\t\t\t\t\t\t\t\t\t<img fetchpriority=\"high\" decoding=\"async\" width=\"300\" height=\"300\" src=\"https:\/\/dreamland-project.eu\/wp-content\/uploads\/2023\/03\/1-300x300.png\" class=\"attachment-medium size-medium wp-image-11\" alt=\"\" srcset=\"https:\/\/dreamland-project.eu\/wp-content\/uploads\/2023\/03\/1-300x300.png 300w, https:\/\/dreamland-project.eu\/wp-content\/uploads\/2023\/03\/1-1024x1024.png 1024w, https:\/\/dreamland-project.eu\/wp-content\/uploads\/2023\/03\/1-150x150.png 150w, https:\/\/dreamland-project.eu\/wp-content\/uploads\/2023\/03\/1-768x768.png 768w, https:\/\/dreamland-project.eu\/wp-content\/uploads\/2023\/03\/1.png 1080w\" sizes=\"(max-width: 300px) 100vw, 300px\" \/>\t\t\t\t\t\t\t\t\t\t\t\t\t\t\t<\/div>\n\t\t\t\t<\/div>\n\t\t\t\t\t<\/div>\n\t\t<\/div>\n\t\t\t\t\t<\/div>\n\t\t<\/section>\n\t\t\t\t<section class=\"elementor-section elementor-top-section elementor-element elementor-element-280aac5 elementor-section-boxed elementor-section-height-default elementor-section-height-default\" data-id=\"280aac5\" data-element_type=\"section\" data-e-type=\"section\">\n\t\t\t\t\t\t<div class=\"elementor-container elementor-column-gap-default\">\n\t\t\t\t\t<div class=\"elementor-column elementor-col-100 elementor-top-column elementor-element elementor-element-3becd22\" data-id=\"3becd22\" data-element_type=\"column\" data-e-type=\"column\">\n\t\t\t<div class=\"elementor-widget-wrap elementor-element-populated\">\n\t\t\t\t\t\t<div class=\"elementor-element elementor-element-9daacd5 elementor-widget elementor-widget-spacer\" data-id=\"9daacd5\" data-element_type=\"widget\" data-e-type=\"widget\" data-widget_type=\"spacer.default\">\n\t\t\t\t<div class=\"elementor-widget-container\">\n\t\t\t\t\t\t\t<div class=\"elementor-spacer\">\n\t\t\t<div class=\"elementor-spacer-inner\"><\/div>\n\t\t<\/div>\n\t\t\t\t\t\t<\/div>\n\t\t\t\t<\/div>\n\t\t\t\t\t<\/div>\n\t\t<\/div>\n\t\t\t\t\t<\/div>\n\t\t<\/section>\n\t\t\t\t<section class=\"elementor-section elementor-top-section elementor-element elementor-element-f3cf33e elementor-section-full_width elementor-section-height-default elementor-section-height-default\" data-id=\"f3cf33e\" data-element_type=\"section\" data-e-type=\"section\">\n\t\t\t\t\t\t<div class=\"elementor-container elementor-column-gap-default\">\n\t\t\t\t\t<div class=\"elementor-column elementor-col-20 elementor-top-column elementor-element elementor-element-0068f45\" data-id=\"0068f45\" data-element_type=\"column\" data-e-type=\"column\">\n\t\t\t<div class=\"elementor-widget-wrap elementor-element-populated\">\n\t\t\t\t\t\t<div class=\"elementor-element elementor-element-dea1318 elementor-position-top elementor-widget elementor-widget-image-box\" data-id=\"dea1318\" data-element_type=\"widget\" data-e-type=\"widget\" data-widget_type=\"image-box.default\">\n\t\t\t\t<div class=\"elementor-widget-container\">\n\t\t\t\t\t<div class=\"elementor-image-box-wrapper\"><figure class=\"elementor-image-box-img\"><img decoding=\"async\" width=\"300\" height=\"300\" src=\"https:\/\/dreamland-project.eu\/wp-content\/uploads\/2023\/03\/3-300x300.png\" class=\"attachment-medium size-medium wp-image-13\" alt=\"\" srcset=\"https:\/\/dreamland-project.eu\/wp-content\/uploads\/2023\/03\/3-300x300.png 300w, https:\/\/dreamland-project.eu\/wp-content\/uploads\/2023\/03\/3-1024x1024.png 1024w, https:\/\/dreamland-project.eu\/wp-content\/uploads\/2023\/03\/3-150x150.png 150w, https:\/\/dreamland-project.eu\/wp-content\/uploads\/2023\/03\/3-768x768.png 768w, https:\/\/dreamland-project.eu\/wp-content\/uploads\/2023\/03\/3.png 1080w\" sizes=\"(max-width: 300px) 100vw, 300px\" \/><\/figure><div class=\"elementor-image-box-content\"><p class=\"elementor-image-box-description\">contribuire a costruire una forte identit\u00e0 europea aiutando i giovani a comprendere i valori inclusivi dell'Unione Europea, le politiche adottate, le opportunit\u00e0 presentate e aiutandoli a diventare pi\u00f9 consapevoli di questi temi. <\/p><\/div><\/div>\t\t\t\t<\/div>\n\t\t\t\t<\/div>\n\t\t\t\t\t<\/div>\n\t\t<\/div>\n\t\t\t\t<div class=\"elementor-column elementor-col-20 elementor-top-column elementor-element elementor-element-061b91f\" data-id=\"061b91f\" data-element_type=\"column\" data-e-type=\"column\">\n\t\t\t<div class=\"elementor-widget-wrap\">\n\t\t\t\t\t\t\t<\/div>\n\t\t<\/div>\n\t\t\t\t<div class=\"elementor-column elementor-col-20 elementor-top-column elementor-element elementor-element-fd7cc87\" data-id=\"fd7cc87\" data-element_type=\"column\" data-e-type=\"column\">\n\t\t\t<div class=\"elementor-widget-wrap elementor-element-populated\">\n\t\t\t\t\t\t<div class=\"elementor-element elementor-element-82889db elementor-position-top elementor-widget elementor-widget-image-box\" data-id=\"82889db\" data-element_type=\"widget\" data-e-type=\"widget\" data-widget_type=\"image-box.default\">\n\t\t\t\t<div class=\"elementor-widget-container\">\n\t\t\t\t\t<div class=\"elementor-image-box-wrapper\"><figure class=\"elementor-image-box-img\"><img decoding=\"async\" width=\"300\" height=\"300\" src=\"https:\/\/dreamland-project.eu\/wp-content\/uploads\/2023\/03\/3-300x300.png\" class=\"attachment-medium size-medium wp-image-13\" alt=\"\" srcset=\"https:\/\/dreamland-project.eu\/wp-content\/uploads\/2023\/03\/3-300x300.png 300w, https:\/\/dreamland-project.eu\/wp-content\/uploads\/2023\/03\/3-1024x1024.png 1024w, https:\/\/dreamland-project.eu\/wp-content\/uploads\/2023\/03\/3-150x150.png 150w, https:\/\/dreamland-project.eu\/wp-content\/uploads\/2023\/03\/3-768x768.png 768w, https:\/\/dreamland-project.eu\/wp-content\/uploads\/2023\/03\/3.png 1080w\" sizes=\"(max-width: 300px) 100vw, 300px\" \/><\/figure><div class=\"elementor-image-box-content\"><p class=\"elementor-image-box-description\">migliorare la comprensione dell'alfabetizzazione politica dei giovani e facilitare il loro accesso ai meccanismi decisionali attraverso corsi di formazione online e fisici. <\/p><\/div><\/div>\t\t\t\t<\/div>\n\t\t\t\t<\/div>\n\t\t\t\t\t<\/div>\n\t\t<\/div>\n\t\t\t\t<div class=\"elementor-column elementor-col-20 elementor-top-column elementor-element elementor-element-cd9f72d\" data-id=\"cd9f72d\" data-element_type=\"column\" data-e-type=\"column\">\n\t\t\t<div class=\"elementor-widget-wrap\">\n\t\t\t\t\t\t\t<\/div>\n\t\t<\/div>\n\t\t\t\t<div class=\"elementor-column elementor-col-20 elementor-top-column elementor-element elementor-element-cc6963d\" data-id=\"cc6963d\" data-element_type=\"column\" data-e-type=\"column\" data-settings=\"{&quot;background_background&quot;:&quot;classic&quot;}\">\n\t\t\t<div class=\"elementor-widget-wrap elementor-element-populated\">\n\t\t\t\t\t\t<div class=\"elementor-element elementor-element-f275be5 elementor-position-top elementor-widget elementor-widget-image-box\" data-id=\"f275be5\" data-element_type=\"widget\" data-e-type=\"widget\" data-widget_type=\"image-box.default\">\n\t\t\t\t<div class=\"elementor-widget-container\">\n\t\t\t\t\t<div class=\"elementor-image-box-wrapper\"><figure class=\"elementor-image-box-img\"><img decoding=\"async\" width=\"300\" height=\"300\" src=\"https:\/\/dreamland-project.eu\/wp-content\/uploads\/2023\/03\/3-300x300.png\" class=\"attachment-medium size-medium wp-image-13\" alt=\"\" srcset=\"https:\/\/dreamland-project.eu\/wp-content\/uploads\/2023\/03\/3-300x300.png 300w, https:\/\/dreamland-project.eu\/wp-content\/uploads\/2023\/03\/3-1024x1024.png 1024w, https:\/\/dreamland-project.eu\/wp-content\/uploads\/2023\/03\/3-150x150.png 150w, https:\/\/dreamland-project.eu\/wp-content\/uploads\/2023\/03\/3-768x768.png 768w, https:\/\/dreamland-project.eu\/wp-content\/uploads\/2023\/03\/3.png 1080w\" sizes=\"(max-width: 300px) 100vw, 300px\" \/><\/figure><div class=\"elementor-image-box-content\"><p class=\"elementor-image-box-description\">coinvolgere i giovani nell'Unione europea, nella vita politica e nella societ\u00e0 civile. <\/p><\/div><\/div>\t\t\t\t<\/div>\n\t\t\t\t<\/div>\n\t\t\t\t\t<\/div>\n\t\t<\/div>\n\t\t\t\t\t<\/div>\n\t\t<\/section>\n\t\t\t\t<section class=\"elementor-section elementor-top-section elementor-element elementor-element-c30a7f1 elementor-section-full_width elementor-section-height-default elementor-section-height-default\" data-id=\"c30a7f1\" data-element_type=\"section\" data-e-type=\"section\">\n\t\t\t\t\t\t<div class=\"elementor-container elementor-column-gap-default\">\n\t\t\t\t\t<div class=\"elementor-column elementor-col-20 elementor-top-column elementor-element elementor-element-177d989\" data-id=\"177d989\" data-element_type=\"column\" data-e-type=\"column\">\n\t\t\t<div class=\"elementor-widget-wrap\">\n\t\t\t\t\t\t\t<\/div>\n\t\t<\/div>\n\t\t\t\t<div class=\"elementor-column elementor-col-20 elementor-top-column elementor-element elementor-element-739a942\" data-id=\"739a942\" data-element_type=\"column\" data-e-type=\"column\">\n\t\t\t<div class=\"elementor-widget-wrap elementor-element-populated\">\n\t\t\t\t\t\t<div class=\"elementor-element elementor-element-9d2584e elementor-position-top elementor-widget elementor-widget-image-box\" data-id=\"9d2584e\" data-element_type=\"widget\" data-e-type=\"widget\" data-widget_type=\"image-box.default\">\n\t\t\t\t<div class=\"elementor-widget-container\">\n\t\t\t\t\t<div class=\"elementor-image-box-wrapper\"><figure class=\"elementor-image-box-img\"><img decoding=\"async\" width=\"300\" height=\"300\" src=\"https:\/\/dreamland-project.eu\/wp-content\/uploads\/2023\/03\/3-300x300.png\" class=\"attachment-medium size-medium wp-image-13\" alt=\"\" srcset=\"https:\/\/dreamland-project.eu\/wp-content\/uploads\/2023\/03\/3-300x300.png 300w, https:\/\/dreamland-project.eu\/wp-content\/uploads\/2023\/03\/3-1024x1024.png 1024w, https:\/\/dreamland-project.eu\/wp-content\/uploads\/2023\/03\/3-150x150.png 150w, https:\/\/dreamland-project.eu\/wp-content\/uploads\/2023\/03\/3-768x768.png 768w, https:\/\/dreamland-project.eu\/wp-content\/uploads\/2023\/03\/3.png 1080w\" sizes=\"(max-width: 300px) 100vw, 300px\" \/><\/figure><div class=\"elementor-image-box-content\"><p class=\"elementor-image-box-description\">incoraggiare i giovani ad analizzare criticamente le informazioni, costruendo una giovent\u00f9 pi\u00f9 informata e consapevole che consideri valori partecipativi e inclusivi come i diritti democratici, la cittadinanza europea, la cittadinanza attiva e la cittadinanza ambientale. <\/p><\/div><\/div>\t\t\t\t<\/div>\n\t\t\t\t<\/div>\n\t\t\t\t\t<\/div>\n\t\t<\/div>\n\t\t\t\t<div class=\"elementor-column elementor-col-20 elementor-top-column elementor-element elementor-element-18ddf23\" data-id=\"18ddf23\" data-element_type=\"column\" data-e-type=\"column\">\n\t\t\t<div class=\"elementor-widget-wrap\">\n\t\t\t\t\t\t\t<\/div>\n\t\t<\/div>\n\t\t\t\t<div class=\"elementor-column elementor-col-20 elementor-top-column elementor-element elementor-element-ecf300a\" data-id=\"ecf300a\" data-element_type=\"column\" data-e-type=\"column\">\n\t\t\t<div class=\"elementor-widget-wrap elementor-element-populated\">\n\t\t\t\t\t\t<div class=\"elementor-element elementor-element-6a13026 elementor-position-top elementor-widget elementor-widget-image-box\" data-id=\"6a13026\" data-element_type=\"widget\" data-e-type=\"widget\" data-widget_type=\"image-box.default\">\n\t\t\t\t<div class=\"elementor-widget-container\">\n\t\t\t\t\t<div class=\"elementor-image-box-wrapper\"><figure class=\"elementor-image-box-img\"><img decoding=\"async\" width=\"300\" height=\"300\" src=\"https:\/\/dreamland-project.eu\/wp-content\/uploads\/2023\/03\/3-300x300.png\" class=\"attachment-medium size-medium wp-image-13\" alt=\"\" srcset=\"https:\/\/dreamland-project.eu\/wp-content\/uploads\/2023\/03\/3-300x300.png 300w, https:\/\/dreamland-project.eu\/wp-content\/uploads\/2023\/03\/3-1024x1024.png 1024w, https:\/\/dreamland-project.eu\/wp-content\/uploads\/2023\/03\/3-150x150.png 150w, https:\/\/dreamland-project.eu\/wp-content\/uploads\/2023\/03\/3-768x768.png 768w, https:\/\/dreamland-project.eu\/wp-content\/uploads\/2023\/03\/3.png 1080w\" sizes=\"(max-width: 300px) 100vw, 300px\" \/><\/figure><div class=\"elementor-image-box-content\"><p class=\"elementor-image-box-description\">connettere i giovani tra loro online e fisicamente, in linea con gli obiettivi comuni della societ\u00e0 europea, come un continente a zero emissioni di carbonio\".<\/p><\/div><\/div>\t\t\t\t<\/div>\n\t\t\t\t<\/div>\n\t\t\t\t\t<\/div>\n\t\t<\/div>\n\t\t\t\t<div class=\"elementor-column elementor-col-20 elementor-top-column elementor-element elementor-element-5095ec3\" data-id=\"5095ec3\" data-element_type=\"column\" data-e-type=\"column\" data-settings=\"{&quot;background_background&quot;:&quot;classic&quot;}\">\n\t\t\t<div class=\"elementor-widget-wrap\">\n\t\t\t\t\t\t\t<\/div>\n\t\t<\/div>\n\t\t\t\t\t<\/div>\n\t\t<\/section>\n\t\t\t\t<section class=\"elementor-section elementor-top-section elementor-element elementor-element-2fd03e1 elementor-section-stretched elementor-section-boxed elementor-section-height-default elementor-section-height-default\" data-id=\"2fd03e1\" data-element_type=\"section\" data-e-type=\"section\" data-settings=\"{&quot;stretch_section&quot;:&quot;section-stretched&quot;}\">\n\t\t\t\t\t\t<div class=\"elementor-container elementor-column-gap-default\">\n\t\t\t\t\t<div class=\"elementor-column elementor-col-100 elementor-top-column elementor-element elementor-element-fc43bbe\" data-id=\"fc43bbe\" data-element_type=\"column\" data-e-type=\"column\">\n\t\t\t<div class=\"elementor-widget-wrap elementor-element-populated\">\n\t\t\t\t\t\t<div class=\"elementor-element elementor-element-89335f8 elementor-widget elementor-widget-image\" data-id=\"89335f8\" data-element_type=\"widget\" data-e-type=\"widget\" data-widget_type=\"image.default\">\n\t\t\t\t<div class=\"elementor-widget-container\">\n\t\t\t\t\t\t\t\t\t\t\t\t\t\t\t<img decoding=\"async\" width=\"1080\" height=\"402\" src=\"https:\/\/dreamland-project.eu\/wp-content\/uploads\/2023\/03\/5-2-e1678908932394.png\" class=\"attachment-full size-full wp-image-27\" alt=\"\" srcset=\"https:\/\/dreamland-project.eu\/wp-content\/uploads\/2023\/03\/5-2-e1678908932394.png 1080w, https:\/\/dreamland-project.eu\/wp-content\/uploads\/2023\/03\/5-2-e1678908932394-300x112.png 300w, https:\/\/dreamland-project.eu\/wp-content\/uploads\/2023\/03\/5-2-e1678908932394-1024x381.png 1024w, https:\/\/dreamland-project.eu\/wp-content\/uploads\/2023\/03\/5-2-e1678908932394-768x286.png 768w\" sizes=\"(max-width: 1080px) 100vw, 1080px\" \/>\t\t\t\t\t\t\t\t\t\t\t\t\t\t\t<\/div>\n\t\t\t\t<\/div>\n\t\t\t\t\t<\/div>\n\t\t<\/div>\n\t\t\t\t\t<\/div>\n\t\t<\/section>\n\t\t\t\t<\/div>","protected":false},"excerpt":{"rendered":"<p>The project&#8217;s general objective is to make young people willing to participate actively in civil society and political life at local, national, and European scales. Therefore, specific aims of the D.R.E.A.M.LAND project are the following: To help build a strong European identity by helping young people understand the inclusive values of the European Union, the&hellip;&nbsp;<a href=\"https:\/\/dreamland-project.eu\/it\/objectives\/\" rel=\"bookmark\">Leggi tutto &raquo;<span class=\"screen-reader-text\">Obiettivi<\/span><\/a><\/p>","protected":false},"author":1,"featured_media":0,"parent":0,"menu_order":0,"comment_status":"closed","ping_status":"closed","template":"elementor_header_footer","meta":{"_bbp_topic_count":0,"_bbp_reply_count":0,"_bbp_total_topic_count":0,"_bbp_total_reply_count":0,"_bbp_voice_count":0,"_bbp_anonymous_reply_count":0,"_bbp_topic_count_hidden":0,"_bbp_reply_count_hidden":0,"_bbp_forum_subforum_count":0,"neve_meta_sidebar":"","neve_meta_container":"","neve_meta_enable_content_width":"","neve_meta_content_width":0,"neve_meta_title_alignment":"","neve_meta_author_avatar":"","neve_post_elements_order":"","neve_meta_disable_header":"","neve_meta_disable_footer":"","neve_meta_disable_title":"","footnotes":""},"class_list":["post-31","page","type-page","status-publish","hentry"],"_links":{"self":[{"href":"https:\/\/dreamland-project.eu\/it\/wp-json\/wp\/v2\/pages\/31","targetHints":{"allow":["GET"]}}],"collection":[{"href":"https:\/\/dreamland-project.eu\/it\/wp-json\/wp\/v2\/pages"}],"about":[{"href":"https:\/\/dreamland-project.eu\/it\/wp-json\/wp\/v2\/types\/page"}],"author":[{"embeddable":true,"href":"https:\/\/dreamland-project.eu\/it\/wp-json\/wp\/v2\/users\/1"}],"replies":[{"embeddable":true,"href":"https:\/\/dreamland-project.eu\/it\/wp-json\/wp\/v2\/comments?post=31"}],"version-history":[{"count":25,"href":"https:\/\/dreamland-project.eu\/it\/wp-json\/wp\/v2\/pages\/31\/revisions"}],"predecessor-version":[{"id":198,"href":"https:\/\/dreamland-project.eu\/it\/wp-json\/wp\/v2\/pages\/31\/revisions\/198"}],"wp:attachment":[{"href":"https:\/\/dreamland-project.eu\/it\/wp-json\/wp\/v2\/media?parent=31"}],"curies":[{"name":"wp","href":"https:\/\/api.w.org\/{rel}","templated":true}]}}