{"id":22,"date":"2023-03-15T19:28:39","date_gmt":"2023-03-15T19:28:39","guid":{"rendered":"http:\/\/f0c8f46c-1c15-4944-81c0-d9e8196933a3.eu02.conves.io\/?page_id=22"},"modified":"2023-03-16T18:44:44","modified_gmt":"2023-03-16T18:44:44","slug":"about","status":"publish","type":"page","link":"https:\/\/dreamland-project.eu\/fi\/about\/","title":{"rendered":"Noin"},"content":{"rendered":"<div data-elementor-type=\"wp-page\" data-elementor-id=\"22\" class=\"elementor elementor-22\">\n\t\t\t\t\t\t<section class=\"elementor-section elementor-top-section elementor-element elementor-element-2ab7e23 elementor-section-stretched elementor-section-boxed elementor-section-height-default elementor-section-height-default\" data-id=\"2ab7e23\" data-element_type=\"section\" data-e-type=\"section\" data-settings=\"{&quot;stretch_section&quot;:&quot;section-stretched&quot;}\">\n\t\t\t\t\t\t<div class=\"elementor-container elementor-column-gap-default\">\n\t\t\t\t\t<div class=\"elementor-column elementor-col-100 elementor-top-column elementor-element elementor-element-08c0572\" data-id=\"08c0572\" data-element_type=\"column\" data-e-type=\"column\">\n\t\t\t<div class=\"elementor-widget-wrap elementor-element-populated\">\n\t\t\t\t\t\t<div class=\"elementor-element elementor-element-9fe4211 elementor-widget elementor-widget-image\" data-id=\"9fe4211\" data-element_type=\"widget\" data-e-type=\"widget\" data-widget_type=\"image.default\">\n\t\t\t\t<div class=\"elementor-widget-container\">\n\t\t\t\t\t\t\t\t\t\t\t\t\t\t\t<img fetchpriority=\"high\" decoding=\"async\" width=\"1080\" height=\"399\" src=\"https:\/\/dreamland-project.eu\/wp-content\/uploads\/2023\/03\/5-1-e1678907815372.png\" class=\"attachment-full size-full wp-image-17\" alt=\"\" srcset=\"https:\/\/dreamland-project.eu\/wp-content\/uploads\/2023\/03\/5-1-e1678907815372.png 1080w, https:\/\/dreamland-project.eu\/wp-content\/uploads\/2023\/03\/5-1-e1678907815372-300x111.png 300w, https:\/\/dreamland-project.eu\/wp-content\/uploads\/2023\/03\/5-1-e1678907815372-1024x378.png 1024w, https:\/\/dreamland-project.eu\/wp-content\/uploads\/2023\/03\/5-1-e1678907815372-768x284.png 768w\" sizes=\"(max-width: 1080px) 100vw, 1080px\" \/>\t\t\t\t\t\t\t\t\t\t\t\t\t\t\t<\/div>\n\t\t\t\t<\/div>\n\t\t\t\t\t<\/div>\n\t\t<\/div>\n\t\t\t\t\t<\/div>\n\t\t<\/section>\n\t\t\t\t<section class=\"elementor-section elementor-top-section elementor-element elementor-element-aa55771 elementor-section-stretched elementor-section-boxed elementor-section-height-default elementor-section-height-default\" data-id=\"aa55771\" data-element_type=\"section\" data-e-type=\"section\" data-settings=\"{&quot;stretch_section&quot;:&quot;section-stretched&quot;}\">\n\t\t\t\t\t\t<div class=\"elementor-container elementor-column-gap-default\">\n\t\t\t\t\t<div class=\"elementor-column elementor-col-50 elementor-top-column elementor-element elementor-element-d9f051d\" data-id=\"d9f051d\" data-element_type=\"column\" data-e-type=\"column\">\n\t\t\t<div class=\"elementor-widget-wrap elementor-element-populated\">\n\t\t\t\t\t\t<div class=\"elementor-element elementor-element-57a8a1a elementor-widget elementor-widget-image\" data-id=\"57a8a1a\" data-element_type=\"widget\" data-e-type=\"widget\" data-widget_type=\"image.default\">\n\t\t\t\t<div class=\"elementor-widget-container\">\n\t\t\t\t\t\t\t\t\t\t\t\t\t\t\t<img decoding=\"async\" width=\"1024\" height=\"1024\" src=\"https:\/\/dreamland-project.eu\/wp-content\/uploads\/2023\/03\/3-1024x1024.png\" class=\"attachment-large size-large wp-image-13\" alt=\"\" srcset=\"https:\/\/dreamland-project.eu\/wp-content\/uploads\/2023\/03\/3-1024x1024.png 1024w, https:\/\/dreamland-project.eu\/wp-content\/uploads\/2023\/03\/3-300x300.png 300w, https:\/\/dreamland-project.eu\/wp-content\/uploads\/2023\/03\/3-150x150.png 150w, https:\/\/dreamland-project.eu\/wp-content\/uploads\/2023\/03\/3-768x768.png 768w, https:\/\/dreamland-project.eu\/wp-content\/uploads\/2023\/03\/3.png 1080w\" sizes=\"(max-width: 1024px) 100vw, 1024px\" \/>\t\t\t\t\t\t\t\t\t\t\t\t\t\t\t<\/div>\n\t\t\t\t<\/div>\n\t\t\t\t\t<\/div>\n\t\t<\/div>\n\t\t\t\t<div class=\"elementor-column elementor-col-50 elementor-top-column elementor-element elementor-element-821689a\" data-id=\"821689a\" data-element_type=\"column\" data-e-type=\"column\">\n\t\t\t<div class=\"elementor-widget-wrap elementor-element-populated\">\n\t\t\t\t\t\t<div class=\"elementor-element elementor-element-3399027 elementor-widget elementor-widget-text-editor\" data-id=\"3399027\" data-element_type=\"widget\" data-e-type=\"widget\" data-widget_type=\"text-editor.default\">\n\t\t\t\t<div class=\"elementor-widget-container\">\n\t\t\t\t\t\t\t\t\t<p class=\"MsoNormal\" style=\"text-align: justify; text-justify: inter-ideograph;\"><span lang=\"EN-GB\" style=\"font-size: 10.0pt; font-family: 'Arial',sans-serif; mso-ansi-language: EN-GB;\">D.R.E.A.M.LAND-projektin tavoitteena on auttaa nuoria l\u00f6yt\u00e4m\u00e4\u00e4n n\u00e4m\u00e4 ratkaisut. Itse asiassa D.R.E.A.M.LAND on EYT-hanke, jonka tavoitteena on saada nuoret halukkaaksi osallistumaan aktiivisesti kansalaisyhteiskunnan ja poliittiseen el\u00e4m\u00e4\u00e4n paikallisella, kansallisella ja eurooppalaisella tasolla. Tuloksena tarveanalyysist\u00e4 konsortion toteuttama, Eurooppa tarvitsee tietoisempaa ja aktiivisempaa nuorten edist\u00e4mist\u00e4, koska 60 prosenttia eurooppalaisista nuorista ei ymm\u00e4rr\u00e4 paikallisia, maakohtaisia ja eurooppalaisia p\u00e4\u00e4t\u00f6ksi\u00e4. Siksi, D.R.E.A.M.LAND voi edist\u00e4\u00e4 t\u00e4m\u00e4n prosenttiosuuden muuttamista lis\u00e4\u00e4m\u00e4ll\u00e4 tietoisuutta aktiivisesta kansalaisuudesta, poliittisesta lukutaidosta ja demokraattisesta osallistumisesta. My\u00f6s nuorten osallistuminen poliittiseen el\u00e4m\u00e4\u00e4n ja kansalaisyhteiskuntaan on elint\u00e4rke\u00e4\u00e4 vuoden 2050 hiilineutraalin Euroopan tavoitteen saavuttamiseksi.<\/span><\/p>\t\t\t\t\t\t\t\t<\/div>\n\t\t\t\t<\/div>\n\t\t\t\t\t<\/div>\n\t\t<\/div>\n\t\t\t\t\t<\/div>\n\t\t<\/section>\n\t\t\t\t<section class=\"elementor-section elementor-top-section elementor-element elementor-element-32af246 elementor-section-stretched elementor-section-boxed elementor-section-height-default elementor-section-height-default\" data-id=\"32af246\" data-element_type=\"section\" data-e-type=\"section\" data-settings=\"{&quot;stretch_section&quot;:&quot;section-stretched&quot;}\">\n\t\t\t\t\t\t<div class=\"elementor-container elementor-column-gap-default\">\n\t\t\t\t\t<div class=\"elementor-column elementor-col-50 elementor-top-column elementor-element elementor-element-53ebd8e\" data-id=\"53ebd8e\" data-element_type=\"column\" data-e-type=\"column\">\n\t\t\t<div class=\"elementor-widget-wrap elementor-element-populated\">\n\t\t\t\t\t\t<div class=\"elementor-element elementor-element-5c5a341 elementor-widget elementor-widget-image\" data-id=\"5c5a341\" data-element_type=\"widget\" data-e-type=\"widget\" data-widget_type=\"image.default\">\n\t\t\t\t<div class=\"elementor-widget-container\">\n\t\t\t\t\t\t\t\t\t\t\t\t\t\t\t<img decoding=\"async\" width=\"1024\" height=\"1024\" src=\"https:\/\/dreamland-project.eu\/wp-content\/uploads\/2023\/03\/3-1024x1024.png\" class=\"attachment-large size-large wp-image-13\" alt=\"\" srcset=\"https:\/\/dreamland-project.eu\/wp-content\/uploads\/2023\/03\/3-1024x1024.png 1024w, https:\/\/dreamland-project.eu\/wp-content\/uploads\/2023\/03\/3-300x300.png 300w, https:\/\/dreamland-project.eu\/wp-content\/uploads\/2023\/03\/3-150x150.png 150w, https:\/\/dreamland-project.eu\/wp-content\/uploads\/2023\/03\/3-768x768.png 768w, https:\/\/dreamland-project.eu\/wp-content\/uploads\/2023\/03\/3.png 1080w\" sizes=\"(max-width: 1024px) 100vw, 1024px\" \/>\t\t\t\t\t\t\t\t\t\t\t\t\t\t\t<\/div>\n\t\t\t\t<\/div>\n\t\t\t\t\t<\/div>\n\t\t<\/div>\n\t\t\t\t<div class=\"elementor-column elementor-col-50 elementor-top-column elementor-element elementor-element-da1d1f0\" data-id=\"da1d1f0\" data-element_type=\"column\" data-e-type=\"column\">\n\t\t\t<div class=\"elementor-widget-wrap elementor-element-populated\">\n\t\t\t\t\t\t<div class=\"elementor-element elementor-element-bad38a7 elementor-widget elementor-widget-text-editor\" data-id=\"bad38a7\" data-element_type=\"widget\" data-e-type=\"widget\" data-widget_type=\"text-editor.default\">\n\t\t\t\t<div class=\"elementor-widget-container\">\n\t\t\t\t\t\t\t\t\t<p>D.R.E.A.M.LAND-hanke tarjoaa eurooppalaisille nuorille keskustelutilaisuuksia ja auttaa heit\u00e4 suunnittelemaan tulevaisuuttaan. Heid\u00e4n osallistumisensa poliittiseen el\u00e4m\u00e4\u00e4n ja kansalaisyhteiskuntaan on elint\u00e4rke\u00e4\u00e4 vuoden 2050 hiilineutraalin Euroopan tavoitteen saavuttamiseksi.  T\u00e4m\u00e4n tavoitteen kest\u00e4vyys voidaan varmistaa lis\u00e4\u00e4m\u00e4ll\u00e4 nuorten tietoisuutta poliittisesta lukutaidosta, p\u00e4\u00e4t\u00f6ksentekoprosesseista ja p\u00e4\u00e4t\u00f6ksentekomekanismeihin p\u00e4\u00e4semisest\u00e4. Nuorten solidaarisuus ja osallisuus varmistetaan nuorten liikkuvuudella, verkkokoulutuksella ja muilla strategisilla viestint\u00e4v\u00e4lineill\u00e4. My\u00f6s, Nuorten poliittisen lukutaidon parempi ymm\u00e4rt\u00e4minen auttaa saavuttamaan \"Yhteyden muodostaminen EU:n ja nuorisopolitiikan kanssa\", joka on ensimm\u00e4inen Euroopan unionin nuorisoalan eurooppalainen tavoite.<\/p>\t\t\t\t\t\t\t\t<\/div>\n\t\t\t\t<\/div>\n\t\t\t\t\t<\/div>\n\t\t<\/div>\n\t\t\t\t\t<\/div>\n\t\t<\/section>\n\t\t\t\t<section class=\"elementor-section elementor-top-section elementor-element elementor-element-55640be elementor-section-stretched elementor-section-boxed elementor-section-height-default elementor-section-height-default\" data-id=\"55640be\" data-element_type=\"section\" data-e-type=\"section\" data-settings=\"{&quot;stretch_section&quot;:&quot;section-stretched&quot;}\">\n\t\t\t\t\t\t<div class=\"elementor-container elementor-column-gap-default\">\n\t\t\t\t\t<div class=\"elementor-column elementor-col-50 elementor-top-column elementor-element elementor-element-185aeaa\" data-id=\"185aeaa\" data-element_type=\"column\" data-e-type=\"column\">\n\t\t\t<div class=\"elementor-widget-wrap elementor-element-populated\">\n\t\t\t\t\t\t<div class=\"elementor-element elementor-element-6600fce elementor-widget elementor-widget-image\" data-id=\"6600fce\" data-element_type=\"widget\" data-e-type=\"widget\" data-widget_type=\"image.default\">\n\t\t\t\t<div class=\"elementor-widget-container\">\n\t\t\t\t\t\t\t\t\t\t\t\t\t\t\t<img decoding=\"async\" width=\"1024\" height=\"1024\" src=\"https:\/\/dreamland-project.eu\/wp-content\/uploads\/2023\/03\/3-1024x1024.png\" class=\"attachment-large size-large wp-image-13\" alt=\"\" srcset=\"https:\/\/dreamland-project.eu\/wp-content\/uploads\/2023\/03\/3-1024x1024.png 1024w, https:\/\/dreamland-project.eu\/wp-content\/uploads\/2023\/03\/3-300x300.png 300w, https:\/\/dreamland-project.eu\/wp-content\/uploads\/2023\/03\/3-150x150.png 150w, https:\/\/dreamland-project.eu\/wp-content\/uploads\/2023\/03\/3-768x768.png 768w, https:\/\/dreamland-project.eu\/wp-content\/uploads\/2023\/03\/3.png 1080w\" sizes=\"(max-width: 1024px) 100vw, 1024px\" \/>\t\t\t\t\t\t\t\t\t\t\t\t\t\t\t<\/div>\n\t\t\t\t<\/div>\n\t\t\t\t\t<\/div>\n\t\t<\/div>\n\t\t\t\t<div class=\"elementor-column elementor-col-50 elementor-top-column elementor-element elementor-element-28879e8\" data-id=\"28879e8\" data-element_type=\"column\" data-e-type=\"column\">\n\t\t\t<div class=\"elementor-widget-wrap elementor-element-populated\">\n\t\t\t\t\t\t<div class=\"elementor-element elementor-element-bd3af7e elementor-widget elementor-widget-text-editor\" data-id=\"bd3af7e\" data-element_type=\"widget\" data-e-type=\"widget\" data-widget_type=\"text-editor.default\">\n\t\t\t\t<div class=\"elementor-widget-container\">\n\t\t\t\t\t\t\t\t\t<p>Hanke tarjoaa areenan heid\u00e4n \u00e4\u00e4nelleen t\u00e4rkeiss\u00e4 aiheissa, kuten nuorten liikkuvuus, aktiivinen nuorten edist\u00e4minen, kansalaiskasvatus, oppimisstrategiat, eurooppalainen harmonia kansallisella, alueellisella ja paikallisella tasolla, poliittinen lukutaito, p\u00e4\u00e4t\u00f6ksentekomekanismit, eurooppalainen identiteetti.<\/p>\t\t\t\t\t\t\t\t<\/div>\n\t\t\t\t<\/div>\n\t\t\t\t\t<\/div>\n\t\t<\/div>\n\t\t\t\t\t<\/div>\n\t\t<\/section>\n\t\t\t\t<section class=\"elementor-section elementor-top-section elementor-element elementor-element-022f742 elementor-section-stretched elementor-section-boxed elementor-section-height-default elementor-section-height-default\" data-id=\"022f742\" data-element_type=\"section\" data-e-type=\"section\" data-settings=\"{&quot;stretch_section&quot;:&quot;section-stretched&quot;}\">\n\t\t\t\t\t\t<div class=\"elementor-container elementor-column-gap-default\">\n\t\t\t\t\t<div class=\"elementor-column elementor-col-100 elementor-top-column elementor-element elementor-element-2714724\" data-id=\"2714724\" data-element_type=\"column\" data-e-type=\"column\">\n\t\t\t<div class=\"elementor-widget-wrap elementor-element-populated\">\n\t\t\t\t\t\t<div class=\"elementor-element elementor-element-cf4795d elementor-widget elementor-widget-image\" data-id=\"cf4795d\" data-element_type=\"widget\" data-e-type=\"widget\" data-widget_type=\"image.default\">\n\t\t\t\t<div class=\"elementor-widget-container\">\n\t\t\t\t\t\t\t\t\t\t\t\t\t\t\t<img decoding=\"async\" width=\"1080\" height=\"402\" src=\"https:\/\/dreamland-project.eu\/wp-content\/uploads\/2023\/03\/5-2-e1678908932394.png\" class=\"attachment-full size-full wp-image-27\" alt=\"\" srcset=\"https:\/\/dreamland-project.eu\/wp-content\/uploads\/2023\/03\/5-2-e1678908932394.png 1080w, https:\/\/dreamland-project.eu\/wp-content\/uploads\/2023\/03\/5-2-e1678908932394-300x112.png 300w, https:\/\/dreamland-project.eu\/wp-content\/uploads\/2023\/03\/5-2-e1678908932394-1024x381.png 1024w, https:\/\/dreamland-project.eu\/wp-content\/uploads\/2023\/03\/5-2-e1678908932394-768x286.png 768w\" sizes=\"(max-width: 1080px) 100vw, 1080px\" \/>\t\t\t\t\t\t\t\t\t\t\t\t\t\t\t<\/div>\n\t\t\t\t<\/div>\n\t\t\t\t\t<\/div>\n\t\t<\/div>\n\t\t\t\t\t<\/div>\n\t\t<\/section>\n\t\t\t\t<\/div>","protected":false},"excerpt":{"rendered":"<p>The D.R.E.A.M.LAND project aims for helping youth to find these solutions. In fact, D.R.E.A.M.LAND is an EYT project aimed at making young people willing to participate actively in civil society and political life at local, national, and European scales. As resulting from the needs analysis conducted by the Consortium, Europe needs more conscious and active&hellip;&nbsp;<a href=\"https:\/\/dreamland-project.eu\/fi\/about\/\" rel=\"bookmark\">Lue lis\u00e4\u00e4 &raquo;<span class=\"screen-reader-text\">Noin<\/span><\/a><\/p>","protected":false},"author":1,"featured_media":0,"parent":0,"menu_order":0,"comment_status":"closed","ping_status":"closed","template":"elementor_header_footer","meta":{"_bbp_topic_count":0,"_bbp_reply_count":0,"_bbp_total_topic_count":0,"_bbp_total_reply_count":0,"_bbp_voice_count":0,"_bbp_anonymous_reply_count":0,"_bbp_topic_count_hidden":0,"_bbp_reply_count_hidden":0,"_bbp_forum_subforum_count":0,"neve_meta_sidebar":"","neve_meta_container":"","neve_meta_enable_content_width":"","neve_meta_content_width":0,"neve_meta_title_alignment":"","neve_meta_author_avatar":"","neve_post_elements_order":"","neve_meta_disable_header":"","neve_meta_disable_footer":"","neve_meta_disable_title":"","footnotes":""},"class_list":["post-22","page","type-page","status-publish","hentry"],"_links":{"self":[{"href":"https:\/\/dreamland-project.eu\/fi\/wp-json\/wp\/v2\/pages\/22","targetHints":{"allow":["GET"]}}],"collection":[{"href":"https:\/\/dreamland-project.eu\/fi\/wp-json\/wp\/v2\/pages"}],"about":[{"href":"https:\/\/dreamland-project.eu\/fi\/wp-json\/wp\/v2\/types\/page"}],"author":[{"embeddable":true,"href":"https:\/\/dreamland-project.eu\/fi\/wp-json\/wp\/v2\/users\/1"}],"replies":[{"embeddable":true,"href":"https:\/\/dreamland-project.eu\/fi\/wp-json\/wp\/v2\/comments?post=22"}],"version-history":[{"count":10,"href":"https:\/\/dreamland-project.eu\/fi\/wp-json\/wp\/v2\/pages\/22\/revisions"}],"predecessor-version":[{"id":157,"href":"https:\/\/dreamland-project.eu\/fi\/wp-json\/wp\/v2\/pages\/22\/revisions\/157"}],"wp:attachment":[{"href":"https:\/\/dreamland-project.eu\/fi\/wp-json\/wp\/v2\/media?parent=22"}],"curies":[{"name":"wp","href":"https:\/\/api.w.org\/{rel}","templated":true}]}}